{"id":20267,"date":"2020-03-23T09:20:38","date_gmt":"2020-03-23T13:20:38","guid":{"rendered":"https:\/\/insulationfasteners.ca\/?page_id=20267"},"modified":"2020-05-05T08:33:15","modified_gmt":"2020-05-05T12:33:15","slug":"home-fr","status":"publish","type":"page","link":"https:\/\/insulationfasteners.ca\/fr\/","title":{"rendered":"Home-fr"},"content":{"rendered":"<p><div class=\"fusion-fullwidth fullwidth-box fusion-builder-row-1 fusion-flex-container nonhundred-percent-fullwidth non-hundred-percent-height-scrolling\" style=\"--awb-background-position:left top;--awb-border-radius-top-left:0px;--awb-border-radius-top-right:0px;--awb-border-radius-bottom-right:0px;--awb-border-radius-bottom-left:0px;--awb-padding-top:-50px;--awb-padding-bottom:0px;--awb-border-sizes-top:0px;--awb-border-sizes-bottom:0px;\" ><div class=\"fusion-builder-row fusion-row fusion-flex-align-items-flex-start\" style=\"max-width:1216.8px;margin-left: calc(-4% \/ 2 );margin-right: calc(-4% \/ 2 );\"><div class=\"fusion-layout-column fusion_builder_column fusion-builder-column-0 fusion_builder_column_1_6 1_6 fusion-flex-column\" style=\"--awb-bg-size:cover;--awb-width-large:16.666666666667%;--awb-margin-top-large:0px;--awb-spacing-right-large:11.52%;--awb-margin-bottom-large:20px;--awb-spacing-left-large:11.52%;--awb-width-medium:16.666666666667%;--awb-spacing-right-medium:11.52%;--awb-spacing-left-medium:11.52%;--awb-width-small:100%;--awb-spacing-right-small:1.92%;--awb-spacing-left-small:1.92%;\"><div class=\"fusion-column-wrapper fusion-flex-justify-content-flex-start fusion-content-layout-column\"><\/div><\/div><div class=\"fusion-layout-column fusion_builder_column fusion-builder-column-1 fusion_builder_column_2_3 2_3 fusion-flex-column\" style=\"--awb-bg-size:cover;--awb-width-large:66.666666666667%;--awb-margin-top-large:0px;--awb-spacing-right-large:2.88%;--awb-margin-bottom-large:20px;--awb-spacing-left-large:2.88%;--awb-width-medium:66.666666666667%;--awb-spacing-right-medium:2.88%;--awb-spacing-left-medium:2.88%;--awb-width-small:100%;--awb-spacing-right-small:1.92%;--awb-spacing-left-small:1.92%;\"><div class=\"fusion-column-wrapper fusion-flex-justify-content-flex-start fusion-content-layout-column\"><div class=\"fusion-text fusion-text-1\"><h2 style=\"text-align: center;\">BIENVENUE SUR INSULATION FASTENERS<\/h2>\n<\/div><div class=\"fusion-separator\" style=\"align-self: center;margin-left: auto;margin-right: auto;margin-top:5px;margin-bottom:20px;width:100%;max-width:30px;\"><div class=\"fusion-separator-border sep-single sep-solid\" style=\"--awb-height:20px;--awb-amount:20px;--awb-sep-color:#999999;border-color:#999999;border-top-width:1px;\"><\/div><\/div><div class=\"fusion-text fusion-text-2\"><h4 style=\"text-align: center; font-size: 33px; line-height: 50px;\">Une vaste s\u00e9lection d&rsquo;ancrages m\u00e9caniques sp\u00e9cialis\u00e9s pour l&rsquo;installation de panneaux d&rsquo;isolation et pour l&rsquo;installation de syst\u00e8mes de finition et d&rsquo;isolation ext\u00e9rieure (EIFS)<\/h4>\n<\/div><\/div><\/div><div class=\"fusion-layout-column fusion_builder_column fusion-builder-column-2 fusion_builder_column_1_6 1_6 fusion-flex-column\" style=\"--awb-bg-size:cover;--awb-width-large:16.666666666667%;--awb-margin-top-large:0px;--awb-spacing-right-large:11.52%;--awb-margin-bottom-large:20px;--awb-spacing-left-large:11.52%;--awb-width-medium:16.666666666667%;--awb-spacing-right-medium:11.52%;--awb-spacing-left-medium:11.52%;--awb-width-small:100%;--awb-spacing-right-small:1.92%;--awb-spacing-left-small:1.92%;\"><div class=\"fusion-column-wrapper fusion-flex-justify-content-flex-start fusion-content-layout-column\"><\/div><\/div><\/div><\/div><div class=\"fusion-fullwidth fullwidth-box fusion-builder-row-2 fusion-flex-container hundred-percent-fullwidth non-hundred-percent-height-scrolling\" style=\"--awb-background-position:left top;--awb-border-radius-top-left:0px;--awb-border-radius-top-right:0px;--awb-border-radius-bottom-right:0px;--awb-border-radius-bottom-left:0px;--awb-padding-top:0px;--awb-padding-right:0px;--awb-padding-bottom:0px;--awb-padding-left:0px;--awb-border-sizes-top:0px;--awb-border-sizes-bottom:0px;\" ><div class=\"fusion-builder-row fusion-row fusion-flex-align-items-stretch\" style=\"width:calc( 100% + 0px ) !important;max-width:calc( 100% + 0px ) !important;margin-left: calc(-0px \/ 2 );margin-right: calc(-0px \/ 2 );\"><div class=\"fusion-layout-column fusion_builder_column fusion-builder-column-3 fusion_builder_column_1_2 1_2 fusion-flex-column fusion-column-inner-bg-wrapper\" style=\"--awb-padding-top:25%;--awb-padding-right:20%;--awb-padding-bottom:25%;--awb-padding-left:20%;--awb-inner-bg-image:url(&#039;https:\/\/insulationfasteners.ca\/wp-content\/uploads\/2020\/03\/plastic-nails.jpg&#039;);--awb-inner-bg-position:center center;--awb-inner-bg-size:cover;--awb-width-large:50%;--awb-margin-top-large:0px;--awb-spacing-right-large:0px;--awb-margin-bottom-large:0px;--awb-spacing-left-large:0px;--awb-width-medium:50%;--awb-spacing-right-medium:0px;--awb-spacing-left-medium:0px;--awb-width-small:100%;--awb-spacing-right-small:0px;--awb-spacing-left-small:0px;\"><span class=\"fusion-column-inner-bg hover-type-zoomin\"><a class=\"fusion-column-anchor\" href=\"https:\/\/insulationfasteners.ca\/fr\/clous-de-plastique-tec-pmf\/\"><span class=\"fusion-column-inner-bg-image\"><\/span><\/a><\/span><div class=\"fusion-column-wrapper fusion-flex-justify-content-center fusion-content-layout-column\" data-bg-url=\"https:\/\/insulationfasteners.ca\/wp-content\/uploads\/2020\/03\/plastic-nails.jpg\"><div style=\"text-align:center;\"><a class=\"fusion-button button-flat button-xlarge button-default fusion-button-default button-1 fusion-button-default-span fusion-button-default-type\" style=\"--button-border-radius-top-left:25px;--button-border-radius-top-right:25px;--button-border-radius-bottom-right:25px;--button-border-radius-bottom-left:25px;\" target=\"_self\" href=\"https:\/\/insulationfasteners.ca\/fr\/clous-de-plastique-tec-pmf\/\"><span class=\"fusion-button-text\">CLOUS DE PLASTIQUE TEC\/PMF<\/span><\/a><\/div><\/div><\/div><div class=\"fusion-layout-column fusion_builder_column fusion-builder-column-4 fusion_builder_column_1_2 1_2 fusion-flex-column fusion-column-inner-bg-wrapper\" style=\"--awb-padding-top:25%;--awb-padding-right:20%;--awb-padding-bottom:25%;--awb-padding-left:20%;--awb-inner-bg-image:url(&#039;https:\/\/insulationfasteners.ca\/wp-content\/uploads\/2020\/03\/washers-and-assemble.jpg&#039;);--awb-inner-bg-position:center center;--awb-inner-bg-size:cover;--awb-width-large:50%;--awb-margin-top-large:0px;--awb-spacing-right-large:0px;--awb-margin-bottom-large:0px;--awb-spacing-left-large:0px;--awb-width-medium:50%;--awb-spacing-right-medium:0px;--awb-spacing-left-medium:0px;--awb-width-small:100%;--awb-spacing-right-small:0px;--awb-spacing-left-small:0px;\"><span class=\"fusion-column-inner-bg hover-type-zoomin\"><a class=\"fusion-column-anchor\" href=\"https:\/\/insulationfasteners.ca\/fr\/produit\/rondelles-polypropylene-rondelles-assemblees\/\"><span class=\"fusion-column-inner-bg-image\"><\/span><\/a><\/span><div class=\"fusion-column-wrapper fusion-flex-justify-content-center fusion-content-layout-column\" data-bg-url=\"https:\/\/insulationfasteners.ca\/wp-content\/uploads\/2020\/03\/washers-and-assemble.jpg\"><div style=\"text-align:center;\"><a class=\"fusion-button button-flat button-xlarge button-default fusion-button-default button-2 fusion-button-default-span fusion-button-default-type\" style=\"--button-border-radius-top-left:25px;--button-border-radius-top-right:25px;--button-border-radius-bottom-right:25px;--button-border-radius-bottom-left:25px;\" target=\"_self\" href=\"https:\/\/insulationfasteners.ca\/fr\/produit\/rondelles-polypropylene-rondelles-assemblees\/\"><span class=\"fusion-button-text\">RONDELLES DE FIXATION EN POLYPROPYL\u00c8NE<\/span><\/a><\/div><\/div><\/div><\/div><\/div><div class=\"fusion-fullwidth fullwidth-box fusion-builder-row-3 fusion-flex-container hundred-percent-fullwidth non-hundred-percent-height-scrolling\" style=\"--awb-background-position:left top;--awb-border-radius-top-left:0px;--awb-border-radius-top-right:0px;--awb-border-radius-bottom-right:0px;--awb-border-radius-bottom-left:0px;--awb-padding-top:0px;--awb-padding-right:0px;--awb-padding-bottom:0px;--awb-padding-left:0px;--awb-border-sizes-top:0px;--awb-border-sizes-bottom:0px;\" ><div class=\"fusion-builder-row fusion-row fusion-flex-align-items-stretch\" style=\"width:calc( 100% + 0px ) !important;max-width:calc( 100% + 0px ) !important;margin-left: calc(-0px \/ 2 );margin-right: calc(-0px \/ 2 );\"><div class=\"fusion-layout-column fusion_builder_column fusion-builder-column-5 fusion_builder_column_1_2 1_2 fusion-flex-column fusion-column-inner-bg-wrapper\" style=\"--awb-padding-top:25%;--awb-padding-right:20%;--awb-padding-bottom:25%;--awb-padding-left:20%;--awb-inner-bg-image:url(&#039;https:\/\/insulationfasteners.ca\/wp-content\/uploads\/2020\/03\/metal-washer-with-tabs.jpg&#039;);--awb-inner-bg-position:center center;--awb-inner-bg-size:cover;--awb-width-large:50%;--awb-margin-top-large:0px;--awb-spacing-right-large:0px;--awb-margin-bottom-large:0px;--awb-spacing-left-large:0px;--awb-width-medium:50%;--awb-spacing-right-medium:0px;--awb-spacing-left-medium:0px;--awb-width-small:100%;--awb-spacing-right-small:0px;--awb-spacing-left-small:0px;\"><span class=\"fusion-column-inner-bg hover-type-zoomin\"><a class=\"fusion-column-anchor\" href=\"https:\/\/insulationfasteners.ca\/fr\/shop\/rondelles-acier-galvanise-mpf-114\/\"><span class=\"fusion-column-inner-bg-image\"><\/span><\/a><\/span><div class=\"fusion-column-wrapper fusion-flex-justify-content-center fusion-content-layout-column\" data-bg-url=\"https:\/\/insulationfasteners.ca\/wp-content\/uploads\/2020\/03\/metal-washer-with-tabs.jpg\"><div style=\"text-align:center;\"><a class=\"fusion-button button-flat button-xlarge button-default fusion-button-default button-3 fusion-button-default-span fusion-button-default-type\" style=\"--button-border-radius-top-left:25px;--button-border-radius-top-right:25px;--button-border-radius-bottom-right:25px;--button-border-radius-bottom-left:25px;\" target=\"_self\" href=\"https:\/\/insulationfasteners.ca\/fr\/shop\/rondelles-acier-galvanise-mpf-114\/\"><span class=\"fusion-button-text\">RONDELLES DE FIXATION EN ACIER GALVANIS\u00c9<\/span><\/a><\/div><\/div><\/div><div class=\"fusion-layout-column fusion_builder_column fusion-builder-column-6 fusion_builder_column_1_2 1_2 fusion-flex-column fusion-column-inner-bg-wrapper\" style=\"--awb-padding-top:25%;--awb-padding-right:20%;--awb-padding-bottom:25%;--awb-padding-left:20%;--awb-inner-bg-image:url(&#039;https:\/\/insulationfasteners.ca\/wp-content\/uploads\/2020\/03\/Plastic-cap-nails.jpg&#039;);--awb-inner-bg-position:center center;--awb-inner-bg-size:cover;--awb-width-large:50%;--awb-margin-top-large:0px;--awb-spacing-right-large:0px;--awb-margin-bottom-large:0px;--awb-spacing-left-large:0px;--awb-width-medium:50%;--awb-spacing-right-medium:0px;--awb-spacing-left-medium:0px;--awb-width-small:100%;--awb-spacing-right-small:0px;--awb-spacing-left-small:0px;\"><span class=\"fusion-column-inner-bg hover-type-zoomin\"><a class=\"fusion-column-anchor\" href=\"https:\/\/insulationfasteners.ca\/fr\/produit\/clous-rondelles-pcn\/\"><span class=\"fusion-column-inner-bg-image\"><\/span><\/a><\/span><div class=\"fusion-column-wrapper fusion-flex-justify-content-center fusion-content-layout-column\" data-bg-url=\"https:\/\/insulationfasteners.ca\/wp-content\/uploads\/2020\/03\/Plastic-cap-nails.jpg\"><div style=\"text-align:center;\"><a class=\"fusion-button button-flat button-xlarge button-default fusion-button-default button-4 fusion-button-default-span fusion-button-default-type\" style=\"--button-border-radius-top-left:25px;--button-border-radius-top-right:25px;--button-border-radius-bottom-right:25px;--button-border-radius-bottom-left:25px;\" target=\"_self\" href=\"https:\/\/insulationfasteners.ca\/fr\/produit\/clous-rondelles-pcn\/\"><span class=\"fusion-button-text\">CLOUS VRILL\u00c9S AVEC RONDELLE DE PLASTIQUE<\/span><\/a><\/div><\/div><\/div><\/div><\/div><div class=\"fusion-fullwidth fullwidth-box fusion-builder-row-4 fusion-flex-container hundred-percent-fullwidth non-hundred-percent-height-scrolling\" style=\"--awb-background-position:left top;--awb-border-radius-top-left:0px;--awb-border-radius-top-right:0px;--awb-border-radius-bottom-right:0px;--awb-border-radius-bottom-left:0px;--awb-padding-top:0px;--awb-padding-right:0px;--awb-padding-bottom:0px;--awb-padding-left:0px;--awb-border-sizes-top:0px;--awb-border-sizes-bottom:0px;\" ><div class=\"fusion-builder-row fusion-row fusion-flex-align-items-flex-start\" style=\"width:calc( 100% + 0px ) !important;max-width:calc( 100% + 0px ) !important;margin-left: calc(-0px \/ 2 );margin-right: calc(-0px \/ 2 );\"><div class=\"fusion-layout-column fusion_builder_column fusion-builder-column-7 fusion_builder_column_1_1 1_1 fusion-flex-column fusion-flex-align-self-flex-start fusion-column-no-min-height fusion-column-inner-bg-wrapper\" style=\"--awb-padding-right:25%;--awb-padding-left:25%;--awb-inner-bg-size:cover;--awb-width-large:100%;--awb-margin-top-large:0px;--awb-spacing-right-large:0px;--awb-margin-bottom-large:0px;--awb-spacing-left-large:0px;--awb-width-medium:100%;--awb-spacing-right-medium:0px;--awb-spacing-left-medium:0px;--awb-width-small:100%;--awb-spacing-right-small:0px;--awb-spacing-left-small:0px;\"><span class=\"fusion-column-inner-bg hover-type-none\"><a class=\"fusion-column-anchor\" href=\"https:\/\/insulationfasteners.ca\/fr\/boutique\/\"><span class=\"fusion-column-inner-bg-image\"><\/span><\/a><\/span><div class=\"fusion-column-wrapper fusion-flex-justify-content-center fusion-content-layout-column\"><div class=\"fusion-separator fusion-full-width-sep\" style=\"align-self: center;margin-left: auto;margin-right: auto;margin-top:20px;width:100%;\"><\/div><div ><a class=\"fusion-button button-flat button-large button-custom fusion-button-default button-5 fusion-button-span-yes custom-button\" style=\"--button_accent_color:#ffffff;--button_accent_hover_color:#ffffff;--button_border_hover_color:#ffffff;--button_border_width-top:0px;--button_border_width-right:0px;--button_border_width-bottom:0px;--button_border_width-left:0px;--button-border-radius-top-left:0;--button-border-radius-top-right:0;--button-border-radius-bottom-right:0;--button-border-radius-bottom-left:0;--button_gradient_top_color:#6f191a;--button_gradient_bottom_color:#6f191a;--button_gradient_top_color_hover:#6f191a;--button_gradient_bottom_color_hover:#6f191a;\" target=\"_self\" href=\"https:\/\/insulationfasteners.ca\/fr\/boutique\/\"><span class=\"fusion-button-text\">VOIR NOS PRODUITS<\/span><\/a><\/div><\/div><\/div><\/div><\/div><div class=\"fusion-fullwidth fullwidth-box fusion-builder-row-5 fusion-flex-container nonhundred-percent-fullwidth non-hundred-percent-height-scrolling\" style=\"--awb-border-radius-top-left:0px;--awb-border-radius-top-right:0px;--awb-border-radius-bottom-right:0px;--awb-border-radius-bottom-left:0px;--awb-padding-top:30px;--awb-padding-bottom:30px;--awb-border-sizes-top:0px;--awb-border-sizes-bottom:0px;\" ><div class=\"fusion-builder-row fusion-row fusion-flex-align-items-stretch\" style=\"max-width:1216.8px;margin-left: calc(-4% \/ 2 );margin-right: calc(-4% \/ 2 );\"><div class=\"fusion-layout-column fusion_builder_column fusion-builder-column-8 fusion_builder_column_3_5 3_5 fusion-flex-column\" style=\"--awb-bg-size:cover;--awb-width-large:60%;--awb-margin-top-large:0px;--awb-spacing-right-large:3.84%;--awb-margin-bottom-large:20px;--awb-spacing-left-large:3.2%;--awb-width-medium:60%;--awb-spacing-right-medium:3.84%;--awb-spacing-left-medium:3.2%;--awb-width-small:100%;--awb-spacing-right-small:1.92%;--awb-spacing-left-small:1.92%;\"><div class=\"fusion-column-wrapper fusion-flex-justify-content-center fusion-content-layout-column\"><div class=\"fusion-text fusion-text-3\"><h5 style=\"text-align: left;\">Ancrages m\u00e9caniques sp\u00e9cialis\u00e9s pour l&rsquo;installation de panneaux d&rsquo;isolation et pour l&rsquo;installation de syst\u00e8mes de finition et d&rsquo;isolation ext\u00e9rieure (EIFS)<\/h5>\n<\/div><div class=\"fusion-separator\" style=\"align-self: flex-start;margin-right:auto;margin-top:5px;margin-bottom:20px;width:100%;max-width:30px;\"><div class=\"fusion-separator-border sep-single sep-solid\" style=\"--awb-height:20px;--awb-amount:20px;--awb-sep-color:#999999;border-color:#999999;border-top-width:1px;\"><\/div><\/div><div class=\"fusion-text fusion-text-4\"><p>Sp\u00e9cialis\u00e9 dans la production et la distribution d\u2019ancrages m\u00e9caniques, pour l&rsquo;installation de panneaux isolants ainsi que pour les syst\u00e8mes de finition et d\u2019isolation ext\u00e9rieure (EIFS). Fabricants d&rsquo;attaches et d&rsquo;ancrages de polypropyl\u00e8ne pour fixation sur substrat de b\u00e9ton, ma\u00e7onnerie, acier et bois depuis 1994.<\/p>\n<p>Notre succ\u00e8s est b\u00e2ti sur la qualit\u00e9 de nos produits et sur les avantages qu\u2019ils offrent aux professionnels de la construction.<\/p>\n<p>Performants, durables et faciles \u00e0 installer, nos ancrages offrent la solution \u00e0 ceux et celles qui recherchent un syst\u00e8me de fixation pour isolant de qualit\u00e9 sup\u00e9rieure, \u00e9liminant les risques de corrosion et de pont thermiques.<\/p>\n<h4 style=\"font-size: 33px; text-align: left;\"><\/h4>\n<\/div><\/div><\/div><div class=\"fusion-layout-column fusion_builder_column fusion-builder-column-9 fusion_builder_column_2_5 2_5 fusion-flex-column fusion-no-small-visibility fusion-column-inner-bg-wrapper fusion-column-liftup-border\" style=\"--awb-padding-top:50%;--awb-padding-right:10%;--awb-padding-bottom:50%;--awb-padding-left:10%;--awb-inner-bg-image:url(&#039;https:\/\/insulationfasteners.ca\/wp-content\/uploads\/2019\/12\/washers-assembled-266x300.jpg&#039;);--awb-inner-bg-size:cover;--awb-width-large:40%;--awb-margin-top-large:0px;--awb-spacing-right-large:4.8%;--awb-margin-bottom-large:20px;--awb-spacing-left-large:3.84%;--awb-width-medium:40%;--awb-spacing-right-medium:4.8%;--awb-spacing-left-medium:3.84%;--awb-width-small:100%;--awb-spacing-right-small:1.92%;--awb-spacing-left-small:1.92%;\"><span class=\"fusion-column-inner-bg hover-type-liftup\"><span class=\"fusion-column-anchor\"><span class=\"fusion-column-inner-bg-image\"><\/span><\/span><\/span><div class=\"fusion-column-wrapper fusion-flex-justify-content-flex-start fusion-content-layout-column fusion-empty-column-bg-image\" data-bg-url=\"https:\/\/insulationfasteners.ca\/wp-content\/uploads\/2019\/12\/washers-assembled-266x300.jpg\"><img class=\"fusion-empty-dims-img-placeholder fusion-no-large-visibility fusion-no-medium-visibility\" src=\"data:image\/svg+xml,%3Csvg%20xmlns%3D%27http%3A%2F%2Fwww.w3.org%2F2000%2Fsvg%27%20width%3D%27266%27%20height%3D%27300%27%20viewBox%3D%270%200%20266%20300%27%3E%3Crect%20width%3D%27266%27%20height%3D%27300%27%20fill-opacity%3D%220%22%2F%3E%3C%2Fsvg%3E\"><\/div><\/div><\/div><\/div><\/p>\n","protected":false},"excerpt":{"rendered":"","protected":false},"author":5,"featured_media":0,"parent":0,"menu_order":0,"comment_status":"open","ping_status":"open","template":"","meta":[],"yoast_head":"<!-- This site is optimized with the Yoast SEO plugin v20.8 - https:\/\/yoast.com\/wordpress\/plugins\/seo\/ -->\n<title>Ancrages pour b\u00e9ton et Isolation ext\u00e9rieure (EIFS) - Insulation Fasteners<\/title>\n<meta name=\"description\" content=\"Sp\u00e9cialis\u00e9 dans la production et la distribution d\u2019ancrages sp\u00e9cialis\u00e9s, pour les syst\u00e8mes de finition et d\u2019isolation ext\u00e9rieure (EIFS), ainsi que d\u2019ancrages pour b\u00e9ton.Performants, durables et faciles \u00e0 installer, nos ancrages offrent la solution \u00e0 ceux et celles qui recherchent un syst\u00e8me de fixation pour isolant de qualit\u00e9 sup\u00e9rieure.\" \/>\n<meta name=\"robots\" content=\"index, follow, max-snippet:-1, max-image-preview:large, max-video-preview:-1\" \/>\n<link rel=\"canonical\" href=\"https:\/\/insulationfasteners.ca\/fr\/\" \/>\n<meta property=\"og:locale\" content=\"fr_CA\" \/>\n<meta property=\"og:type\" content=\"article\" \/>\n<meta property=\"og:title\" content=\"Ancrages pour b\u00e9ton et Isolation ext\u00e9rieure (EIFS) - Insulation Fasteners\" \/>\n<meta property=\"og:description\" content=\"Sp\u00e9cialis\u00e9 dans la production et la distribution d\u2019ancrages sp\u00e9cialis\u00e9s, pour les syst\u00e8mes de finition et d\u2019isolation ext\u00e9rieure (EIFS), ainsi que d\u2019ancrages pour b\u00e9ton.Performants, durables et faciles \u00e0 installer, nos ancrages offrent la solution \u00e0 ceux et celles qui recherchent un syst\u00e8me de fixation pour isolant de qualit\u00e9 sup\u00e9rieure.\" \/>\n<meta property=\"og:url\" content=\"https:\/\/insulationfasteners.ca\/fr\/\" \/>\n<meta property=\"og:site_name\" content=\"Insulation Fasteners\" \/>\n<meta property=\"article:modified_time\" content=\"2020-05-05T12:33:15+00:00\" \/>\n<meta name=\"twitter:card\" content=\"summary_large_image\" \/>\n<meta name=\"twitter:label1\" content=\"Estimation du temps de lecture\" \/>\n\t<meta name=\"twitter:data1\" content=\"11 minutes\" \/>\n<script type=\"application\/ld+json\" class=\"yoast-schema-graph\">{\"@context\":\"https:\/\/schema.org\",\"@graph\":[{\"@type\":\"WebPage\",\"@id\":\"https:\/\/insulationfasteners.ca\/fr\/\",\"url\":\"https:\/\/insulationfasteners.ca\/fr\/\",\"name\":\"Ancrages pour b\u00e9ton et Isolation ext\u00e9rieure (EIFS) - Insulation Fasteners\",\"isPartOf\":{\"@id\":\"https:\/\/insulationfasteners.ca\/fr\/#website\"},\"datePublished\":\"2020-03-23T13:20:38+00:00\",\"dateModified\":\"2020-05-05T12:33:15+00:00\",\"description\":\"Sp\u00e9cialis\u00e9 dans la production et la distribution d\u2019ancrages sp\u00e9cialis\u00e9s, pour les syst\u00e8mes de finition et d\u2019isolation ext\u00e9rieure (EIFS), ainsi que d\u2019ancrages pour b\u00e9ton.Performants, durables et faciles \u00e0 installer, nos ancrages offrent la solution \u00e0 ceux et celles qui recherchent un syst\u00e8me de fixation pour isolant de qualit\u00e9 sup\u00e9rieure.\",\"breadcrumb\":{\"@id\":\"https:\/\/insulationfasteners.ca\/fr\/#breadcrumb\"},\"inLanguage\":\"fr-CA\",\"potentialAction\":[{\"@type\":\"ReadAction\",\"target\":[\"https:\/\/insulationfasteners.ca\/fr\/\"]}]},{\"@type\":\"BreadcrumbList\",\"@id\":\"https:\/\/insulationfasteners.ca\/fr\/#breadcrumb\",\"itemListElement\":[{\"@type\":\"ListItem\",\"position\":1,\"name\":\"Home\",\"item\":\"https:\/\/insulationfasteners.ca\/fr\/\"},{\"@type\":\"ListItem\",\"position\":2,\"name\":\"Home-fr\"}]},{\"@type\":\"WebSite\",\"@id\":\"https:\/\/insulationfasteners.ca\/fr\/#website\",\"url\":\"https:\/\/insulationfasteners.ca\/fr\/\",\"name\":\"Insulation Fasteners\",\"description\":\"\",\"potentialAction\":[{\"@type\":\"SearchAction\",\"target\":{\"@type\":\"EntryPoint\",\"urlTemplate\":\"https:\/\/insulationfasteners.ca\/fr\/?s={search_term_string}\"},\"query-input\":\"required name=search_term_string\"}],\"inLanguage\":\"fr-CA\"}]}<\/script>\n<!-- \/ Yoast SEO plugin. -->","yoast_head_json":{"title":"Ancrages pour b\u00e9ton et Isolation ext\u00e9rieure (EIFS) - Insulation Fasteners","description":"Sp\u00e9cialis\u00e9 dans la production et la distribution d\u2019ancrages sp\u00e9cialis\u00e9s, pour les syst\u00e8mes de finition et d\u2019isolation ext\u00e9rieure (EIFS), ainsi que d\u2019ancrages pour b\u00e9ton.Performants, durables et faciles \u00e0 installer, nos ancrages offrent la solution \u00e0 ceux et celles qui recherchent un syst\u00e8me de fixation pour isolant de qualit\u00e9 sup\u00e9rieure.","robots":{"index":"index","follow":"follow","max-snippet":"max-snippet:-1","max-image-preview":"max-image-preview:large","max-video-preview":"max-video-preview:-1"},"canonical":"https:\/\/insulationfasteners.ca\/fr\/","og_locale":"fr_CA","og_type":"article","og_title":"Ancrages pour b\u00e9ton et Isolation ext\u00e9rieure (EIFS) - Insulation Fasteners","og_description":"Sp\u00e9cialis\u00e9 dans la production et la distribution d\u2019ancrages sp\u00e9cialis\u00e9s, pour les syst\u00e8mes de finition et d\u2019isolation ext\u00e9rieure (EIFS), ainsi que d\u2019ancrages pour b\u00e9ton.Performants, durables et faciles \u00e0 installer, nos ancrages offrent la solution \u00e0 ceux et celles qui recherchent un syst\u00e8me de fixation pour isolant de qualit\u00e9 sup\u00e9rieure.","og_url":"https:\/\/insulationfasteners.ca\/fr\/","og_site_name":"Insulation Fasteners","article_modified_time":"2020-05-05T12:33:15+00:00","twitter_card":"summary_large_image","twitter_misc":{"Estimation du temps de lecture":"11 minutes"},"schema":{"@context":"https:\/\/schema.org","@graph":[{"@type":"WebPage","@id":"https:\/\/insulationfasteners.ca\/fr\/","url":"https:\/\/insulationfasteners.ca\/fr\/","name":"Ancrages pour b\u00e9ton et Isolation ext\u00e9rieure (EIFS) - Insulation Fasteners","isPartOf":{"@id":"https:\/\/insulationfasteners.ca\/fr\/#website"},"datePublished":"2020-03-23T13:20:38+00:00","dateModified":"2020-05-05T12:33:15+00:00","description":"Sp\u00e9cialis\u00e9 dans la production et la distribution d\u2019ancrages sp\u00e9cialis\u00e9s, pour les syst\u00e8mes de finition et d\u2019isolation ext\u00e9rieure (EIFS), ainsi que d\u2019ancrages pour b\u00e9ton.Performants, durables et faciles \u00e0 installer, nos ancrages offrent la solution \u00e0 ceux et celles qui recherchent un syst\u00e8me de fixation pour isolant de qualit\u00e9 sup\u00e9rieure.","breadcrumb":{"@id":"https:\/\/insulationfasteners.ca\/fr\/#breadcrumb"},"inLanguage":"fr-CA","potentialAction":[{"@type":"ReadAction","target":["https:\/\/insulationfasteners.ca\/fr\/"]}]},{"@type":"BreadcrumbList","@id":"https:\/\/insulationfasteners.ca\/fr\/#breadcrumb","itemListElement":[{"@type":"ListItem","position":1,"name":"Home","item":"https:\/\/insulationfasteners.ca\/fr\/"},{"@type":"ListItem","position":2,"name":"Home-fr"}]},{"@type":"WebSite","@id":"https:\/\/insulationfasteners.ca\/fr\/#website","url":"https:\/\/insulationfasteners.ca\/fr\/","name":"Insulation Fasteners","description":"","potentialAction":[{"@type":"SearchAction","target":{"@type":"EntryPoint","urlTemplate":"https:\/\/insulationfasteners.ca\/fr\/?s={search_term_string}"},"query-input":"required name=search_term_string"}],"inLanguage":"fr-CA"}]}},"_links":{"self":[{"href":"https:\/\/insulationfasteners.ca\/fr\/wp-json\/wp\/v2\/pages\/20267"}],"collection":[{"href":"https:\/\/insulationfasteners.ca\/fr\/wp-json\/wp\/v2\/pages"}],"about":[{"href":"https:\/\/insulationfasteners.ca\/fr\/wp-json\/wp\/v2\/types\/page"}],"author":[{"embeddable":true,"href":"https:\/\/insulationfasteners.ca\/fr\/wp-json\/wp\/v2\/users\/5"}],"replies":[{"embeddable":true,"href":"https:\/\/insulationfasteners.ca\/fr\/wp-json\/wp\/v2\/comments?post=20267"}],"version-history":[{"count":28,"href":"https:\/\/insulationfasteners.ca\/fr\/wp-json\/wp\/v2\/pages\/20267\/revisions"}],"predecessor-version":[{"id":20718,"href":"https:\/\/insulationfasteners.ca\/fr\/wp-json\/wp\/v2\/pages\/20267\/revisions\/20718"}],"wp:attachment":[{"href":"https:\/\/insulationfasteners.ca\/fr\/wp-json\/wp\/v2\/media?parent=20267"}],"curies":[{"name":"wp","href":"https:\/\/api.w.org\/{rel}","templated":true}]}}