{"id":20302,"date":"2020-03-24T13:39:05","date_gmt":"2020-03-24T17:39:05","guid":{"rendered":"https:\/\/insulationfasteners.ca\/?page_id=20302"},"modified":"2020-04-24T12:50:33","modified_gmt":"2020-04-24T16:50:33","slug":"clous-de-plastique-tec-pmf","status":"publish","type":"page","link":"https:\/\/insulationfasteners.ca\/fr\/clous-de-plastique-tec-pmf\/","title":{"rendered":"Clous de plastique TEC\/PMF"},"content":{"rendered":"<p><div class=\"fusion-fullwidth fullwidth-box fusion-builder-row-1 fusion-flex-container nonhundred-percent-fullwidth non-hundred-percent-height-scrolling\" style=\"--awb-border-radius-top-left:0px;--awb-border-radius-top-right:0px;--awb-border-radius-bottom-right:0px;--awb-border-radius-bottom-left:0px;\" ><div class=\"fusion-builder-row fusion-row fusion-flex-align-items-flex-start\" style=\"max-width:1216.8px;margin-left: calc(-4% \/ 2 );margin-right: calc(-4% \/ 2 );\"><div class=\"fusion-layout-column fusion_builder_column fusion-builder-column-0 fusion_builder_column_1_1 1_1 fusion-flex-column\" style=\"--awb-bg-size:cover;--awb-width-large:100%;--awb-margin-top-large:0px;--awb-spacing-right-large:1.92%;--awb-margin-bottom-large:20px;--awb-spacing-left-large:1.92%;--awb-width-medium:100%;--awb-spacing-right-medium:1.92%;--awb-spacing-left-medium:1.92%;--awb-width-small:100%;--awb-spacing-right-small:1.92%;--awb-spacing-left-small:1.92%;\"><div class=\"fusion-column-wrapper fusion-column-has-shadow fusion-flex-justify-content-flex-start fusion-content-layout-column\"><div class=\"fusion-text fusion-text-1\"><h1 style=\"text-align: center;\">CLOUS DE PLASTIQUE<\/h1>\n<h2 style=\"text-align: center;\">POUR TOUTE SURFACES DE MA\u00c7ONNERIE ET DE B\u00c9TON<\/h2>\n<\/div><\/div><\/div><div class=\"fusion-layout-column fusion_builder_column fusion-builder-column-1 fusion_builder_column_1_2 1_2 fusion-flex-column\" style=\"--awb-bg-size:cover;--awb-width-large:50%;--awb-margin-top-large:0px;--awb-spacing-right-large:3.84%;--awb-margin-bottom-large:20px;--awb-spacing-left-large:3.84%;--awb-width-medium:50%;--awb-spacing-right-medium:3.84%;--awb-spacing-left-medium:3.84%;--awb-width-small:100%;--awb-spacing-right-small:1.92%;--awb-spacing-left-small:1.92%;\"><div class=\"fusion-column-wrapper fusion-column-has-shadow fusion-flex-justify-content-flex-start fusion-content-layout-column\"><div class=\"fusion-text fusion-text-2\"><h2 style=\"text-align: center;\"><strong>1- PERCEZ<\/strong><\/h2>\n<\/div><div class=\"fusion-image-element \" style=\"--awb-caption-title-font-family:var(--h2_typography-font-family);--awb-caption-title-font-weight:var(--h2_typography-font-weight);--awb-caption-title-font-style:var(--h2_typography-font-style);--awb-caption-title-size:var(--h2_typography-font-size);--awb-caption-title-transform:var(--h2_typography-text-transform);--awb-caption-title-line-height:var(--h2_typography-line-height);--awb-caption-title-letter-spacing:var(--h2_typography-letter-spacing);\"><span class=\" fusion-imageframe imageframe-none imageframe-1 hover-type-none\" class=\"image-magnify\" class=\"image-scroll\"><img decoding=\"async\" width=\"650\" height=\"310\" title=\"installation-rapide-percez\" src=\"https:\/\/insulationfasteners.ca\/wp-content\/uploads\/2019\/12\/installation-rapide-percez.jpg\" alt class=\"img-responsive wp-image-19860\" srcset=\"https:\/\/insulationfasteners.ca\/wp-content\/uploads\/2019\/12\/installation-rapide-percez-200x95.jpg 200w, https:\/\/insulationfasteners.ca\/wp-content\/uploads\/2019\/12\/installation-rapide-percez-400x191.jpg 400w, https:\/\/insulationfasteners.ca\/wp-content\/uploads\/2019\/12\/installation-rapide-percez-600x286.jpg 600w, https:\/\/insulationfasteners.ca\/wp-content\/uploads\/2019\/12\/installation-rapide-percez.jpg 650w\" sizes=\"(max-width: 640px) 100vw, 600px\" \/><\/span><\/div><\/div><\/div><div class=\"fusion-layout-column fusion_builder_column fusion-builder-column-2 fusion_builder_column_1_2 1_2 fusion-flex-column\" style=\"--awb-bg-size:cover;--awb-width-large:50%;--awb-margin-top-large:0px;--awb-spacing-right-large:3.84%;--awb-margin-bottom-large:20px;--awb-spacing-left-large:3.84%;--awb-width-medium:50%;--awb-spacing-right-medium:3.84%;--awb-spacing-left-medium:3.84%;--awb-width-small:100%;--awb-spacing-right-small:1.92%;--awb-spacing-left-small:1.92%;\"><div class=\"fusion-column-wrapper fusion-column-has-shadow fusion-flex-justify-content-flex-start fusion-content-layout-column\"><div class=\"fusion-text fusion-text-3\"><h2 style=\"text-align: center;\"><strong>2- ENFONCEZ<\/strong><\/h2>\n<\/div><div class=\"fusion-image-element \" style=\"--awb-caption-title-font-family:var(--h2_typography-font-family);--awb-caption-title-font-weight:var(--h2_typography-font-weight);--awb-caption-title-font-style:var(--h2_typography-font-style);--awb-caption-title-size:var(--h2_typography-font-size);--awb-caption-title-transform:var(--h2_typography-text-transform);--awb-caption-title-line-height:var(--h2_typography-line-height);--awb-caption-title-letter-spacing:var(--h2_typography-letter-spacing);\"><span class=\" fusion-imageframe imageframe-none imageframe-2 hover-type-none\" class=\"image-magnify\" class=\"image-scroll\"><img decoding=\"async\" width=\"650\" height=\"310\" title=\"installation-rapide-enfoncez\" src=\"https:\/\/insulationfasteners.ca\/wp-content\/uploads\/2019\/12\/installation-rapide-enfoncez.jpg\" alt class=\"img-responsive wp-image-19862\" srcset=\"https:\/\/insulationfasteners.ca\/wp-content\/uploads\/2019\/12\/installation-rapide-enfoncez-200x95.jpg 200w, https:\/\/insulationfasteners.ca\/wp-content\/uploads\/2019\/12\/installation-rapide-enfoncez-400x191.jpg 400w, https:\/\/insulationfasteners.ca\/wp-content\/uploads\/2019\/12\/installation-rapide-enfoncez-600x286.jpg 600w, https:\/\/insulationfasteners.ca\/wp-content\/uploads\/2019\/12\/installation-rapide-enfoncez.jpg 650w\" sizes=\"(max-width: 640px) 100vw, 600px\" \/><\/span><\/div><\/div><\/div><\/div><\/div><div class=\"fusion-fullwidth fullwidth-box fusion-builder-row-2 fusion-flex-container nonhundred-percent-fullwidth non-hundred-percent-height-scrolling\" style=\"--awb-border-radius-top-left:0px;--awb-border-radius-top-right:0px;--awb-border-radius-bottom-right:0px;--awb-border-radius-bottom-left:0px;\" ><div class=\"fusion-builder-row fusion-row fusion-flex-align-items-flex-start\" style=\"max-width:1216.8px;margin-left: calc(-4% \/ 2 );margin-right: calc(-4% \/ 2 );\"><div class=\"fusion-layout-column fusion_builder_column fusion-builder-column-3 fusion_builder_column_1_2 1_2 fusion-flex-column fusion-column-inner-bg-wrapper\" style=\"--awb-padding-top:25%;--awb-padding-right:20%;--awb-padding-bottom:25%;--awb-padding-left:20%;--awb-inner-bg-image:url(&#039;https:\/\/insulationfasteners.ca\/wp-content\/uploads\/2020\/03\/pmf.jpg&#039;);--awb-inner-bg-size:cover;--awb-width-large:50%;--awb-margin-top-large:0px;--awb-spacing-right-large:3.84%;--awb-margin-bottom-large:20px;--awb-spacing-left-large:3.84%;--awb-width-medium:50%;--awb-spacing-right-medium:3.84%;--awb-spacing-left-medium:3.84%;--awb-width-small:100%;--awb-spacing-right-small:1.92%;--awb-spacing-left-small:1.92%;\"><span class=\"fusion-column-inner-bg hover-type-none\"><a class=\"fusion-column-anchor\" href=\"https:\/\/insulationfasteners.ca\/fr\/produit\/clous-plastique\/clous-plastique-pmf\/\"><span class=\"fusion-column-inner-bg-image\"><\/span><\/a><\/span><div class=\"fusion-column-wrapper fusion-flex-justify-content-center fusion-content-layout-column\" data-bg-url=\"https:\/\/insulationfasteners.ca\/wp-content\/uploads\/2020\/03\/pmf.jpg\"><div style=\"text-align:center;\"><a class=\"fusion-button button-flat fusion-button-default-size button-default fusion-button-default button-1 fusion-button-default-span fusion-button-default-type\" style=\"--button-border-radius-top-left:0;--button-border-radius-top-right:0;--button-border-radius-bottom-right:0;--button-border-radius-bottom-left:0;\" target=\"_self\" href=\"https:\/\/insulationfasteners.ca\/fr\/produit\/clous-plastique\/clous-plastique-pmf\/\"><span class=\"fusion-button-text\">Clous de plastique PMF<\/span><\/a><\/div><\/div><\/div><div class=\"fusion-layout-column fusion_builder_column fusion-builder-column-4 fusion_builder_column_1_2 1_2 fusion-flex-column\" style=\"--awb-bg-size:cover;--awb-width-large:50%;--awb-margin-top-large:0px;--awb-spacing-right-large:3.84%;--awb-margin-bottom-large:20px;--awb-spacing-left-large:3.84%;--awb-width-medium:50%;--awb-spacing-right-medium:3.84%;--awb-spacing-left-medium:3.84%;--awb-width-small:100%;--awb-spacing-right-small:1.92%;--awb-spacing-left-small:1.92%;\"><div class=\"fusion-column-wrapper fusion-flex-justify-content-flex-start fusion-content-layout-column\"><div class=\"fusion-text fusion-text-4\"><h2 style=\"text-align: center;\"><strong>Clous de plastique PMF<\/strong><\/h2>\n<p>Les clous de plastique PMF ont \u00e9t\u00e9s con\u00e7us afin de fixer fermement les panneaux d\u2019isolants aux surfaces de b\u00e9ton ou de ma\u00e7onnerie. Les ailettes du clou PMF procurent une grande force de retenue.<\/p>\n<p>Sa large t\u00eate de 2 3\/8 pouces (60 mm) permet une fixation ferme du panneau d\u2019isolant et un espacement plus grand entre chacun des clous fix\u00e9s.<\/p>\n<p>L\u2019installation du clou PMF est facile et rapide. Enti\u00e8rement fait de polypropyl\u00e8ne, le clou PMF \u00e9limine les ponts thermiques entre l\u2019ext\u00e9rieur et l\u2019int\u00e9rieur du b\u00e2timent.<\/p>\n<\/div><\/div><\/div><\/div><\/div><div class=\"fusion-fullwidth fullwidth-box fusion-builder-row-3 fusion-flex-container nonhundred-percent-fullwidth non-hundred-percent-height-scrolling\" style=\"--awb-border-radius-top-left:0px;--awb-border-radius-top-right:0px;--awb-border-radius-bottom-right:0px;--awb-border-radius-bottom-left:0px;\" ><div class=\"fusion-builder-row fusion-row fusion-flex-align-items-flex-start\" style=\"max-width:1216.8px;margin-left: calc(-4% \/ 2 );margin-right: calc(-4% \/ 2 );\"><div class=\"fusion-layout-column fusion_builder_column fusion-builder-column-5 fusion_builder_column_1_2 1_2 fusion-flex-column fusion-column-inner-bg-wrapper\" style=\"--awb-padding-top:25%;--awb-padding-right:20%;--awb-padding-bottom:25%;--awb-padding-left:20%;--awb-inner-bg-image:url(&#039;https:\/\/insulationfasteners.ca\/wp-content\/uploads\/2020\/03\/plastic-nails.jpg&#039;);--awb-inner-bg-size:cover;--awb-width-large:50%;--awb-margin-top-large:0px;--awb-spacing-right-large:3.84%;--awb-margin-bottom-large:20px;--awb-spacing-left-large:3.84%;--awb-width-medium:50%;--awb-spacing-right-medium:3.84%;--awb-spacing-left-medium:3.84%;--awb-width-small:100%;--awb-spacing-right-small:1.92%;--awb-spacing-left-small:1.92%;\"><span class=\"fusion-column-inner-bg hover-type-none\"><a class=\"fusion-column-anchor\" href=\"https:\/\/insulationfasteners.ca\/fr\/produit\/clous-plastique\/clous-plastique-tec\/\"><span class=\"fusion-column-inner-bg-image\"><\/span><\/a><\/span><div class=\"fusion-column-wrapper fusion-flex-justify-content-center fusion-content-layout-column\" data-bg-url=\"https:\/\/insulationfasteners.ca\/wp-content\/uploads\/2020\/03\/plastic-nails.jpg\"><div style=\"text-align:center;\"><a class=\"fusion-button button-flat fusion-button-default-size button-default fusion-button-default button-2 fusion-button-default-span fusion-button-default-type\" style=\"--button-border-radius-top-left:0;--button-border-radius-top-right:0;--button-border-radius-bottom-right:0;--button-border-radius-bottom-left:0;\" target=\"_self\" href=\"https:\/\/insulationfasteners.ca\/fr\/produit\/clous-plastique\/clous-plastique-tec\/\"><span class=\"fusion-button-text\">Clous de plastique TEC<\/span><\/a><\/div><\/div><\/div><div class=\"fusion-layout-column fusion_builder_column fusion-builder-column-6 fusion_builder_column_1_2 1_2 fusion-flex-column\" style=\"--awb-bg-size:cover;--awb-width-large:50%;--awb-margin-top-large:0px;--awb-spacing-right-large:3.84%;--awb-margin-bottom-large:20px;--awb-spacing-left-large:3.84%;--awb-width-medium:50%;--awb-spacing-right-medium:3.84%;--awb-spacing-left-medium:3.84%;--awb-width-small:100%;--awb-spacing-right-small:1.92%;--awb-spacing-left-small:1.92%;\"><div class=\"fusion-column-wrapper fusion-flex-justify-content-flex-start fusion-content-layout-column\"><div class=\"fusion-text fusion-text-5\"><h2 style=\"text-align: center;\"><strong>Clous de plastique TEC<\/strong><\/h2>\n<p>Les clous de plastique TEC ont \u00e9t\u00e9s con\u00e7us afin de fixer fermement les panneaux isolants aux surfaces de b\u00e9ton ou de ma\u00e7onnerie. Les ailettes du clou TEC procurent une grande force de retenue. Sa large t\u00eate permet une fixation ferme du panneau d\u2019isolant.<\/p>\n<p>L\u2019installation du clou TEC est facile et rapide. Enti\u00e8rement fait de polypropyl\u00e8ne, le clou TEC \u00e9limine les ponts thermiques entre l\u2019ext\u00e9rieur et l\u2019int\u00e9rieur du b\u00e2timent.<\/p>\n<\/div><\/div><\/div><\/div><\/div><div class=\"fusion-fullwidth fullwidth-box fusion-builder-row-4 fusion-flex-container nonhundred-percent-fullwidth non-hundred-percent-height-scrolling\" style=\"--awb-border-radius-top-left:0px;--awb-border-radius-top-right:0px;--awb-border-radius-bottom-right:0px;--awb-border-radius-bottom-left:0px;\" ><div class=\"fusion-builder-row fusion-row fusion-flex-align-items-flex-start\" style=\"max-width:calc( 1170px + 0px );margin-left: calc(-0px \/ 2 );margin-right: calc(-0px \/ 2 );\"><\/div><\/div><\/p>\n","protected":false},"excerpt":{"rendered":"","protected":false},"author":5,"featured_media":0,"parent":0,"menu_order":0,"comment_status":"closed","ping_status":"closed","template":"","meta":[],"yoast_head":"<!-- This site is optimized with the Yoast SEO plugin v20.8 - https:\/\/yoast.com\/wordpress\/plugins\/seo\/ -->\n<title>Clous de plastique TEC\/PMF - Insulation Fasteners<\/title>\n<meta name=\"robots\" content=\"index, follow, max-snippet:-1, max-image-preview:large, max-video-preview:-1\" \/>\n<link rel=\"canonical\" href=\"https:\/\/insulationfasteners.ca\/fr\/clous-de-plastique-tec-pmf\/\" \/>\n<meta property=\"og:locale\" content=\"fr_CA\" \/>\n<meta property=\"og:type\" content=\"article\" \/>\n<meta property=\"og:title\" content=\"Clous de plastique TEC\/PMF - Insulation Fasteners\" \/>\n<meta property=\"og:url\" content=\"https:\/\/insulationfasteners.ca\/fr\/clous-de-plastique-tec-pmf\/\" \/>\n<meta property=\"og:site_name\" content=\"Insulation Fasteners\" \/>\n<meta property=\"article:modified_time\" content=\"2020-04-24T16:50:33+00:00\" \/>\n<meta name=\"twitter:card\" content=\"summary_large_image\" \/>\n<meta name=\"twitter:label1\" content=\"Estimation du temps de lecture\" \/>\n\t<meta name=\"twitter:data1\" content=\"10 minutes\" \/>\n<script type=\"application\/ld+json\" class=\"yoast-schema-graph\">{\"@context\":\"https:\/\/schema.org\",\"@graph\":[{\"@type\":\"WebPage\",\"@id\":\"https:\/\/insulationfasteners.ca\/fr\/clous-de-plastique-tec-pmf\/\",\"url\":\"https:\/\/insulationfasteners.ca\/fr\/clous-de-plastique-tec-pmf\/\",\"name\":\"Clous de plastique TEC\/PMF - Insulation Fasteners\",\"isPartOf\":{\"@id\":\"https:\/\/insulationfasteners.ca\/fr\/#website\"},\"datePublished\":\"2020-03-24T17:39:05+00:00\",\"dateModified\":\"2020-04-24T16:50:33+00:00\",\"breadcrumb\":{\"@id\":\"https:\/\/insulationfasteners.ca\/fr\/clous-de-plastique-tec-pmf\/#breadcrumb\"},\"inLanguage\":\"fr-CA\",\"potentialAction\":[{\"@type\":\"ReadAction\",\"target\":[\"https:\/\/insulationfasteners.ca\/fr\/clous-de-plastique-tec-pmf\/\"]}]},{\"@type\":\"BreadcrumbList\",\"@id\":\"https:\/\/insulationfasteners.ca\/fr\/clous-de-plastique-tec-pmf\/#breadcrumb\",\"itemListElement\":[{\"@type\":\"ListItem\",\"position\":1,\"name\":\"Home\",\"item\":\"https:\/\/insulationfasteners.ca\/fr\/\"},{\"@type\":\"ListItem\",\"position\":2,\"name\":\"Clous de plastique TEC\/PMF\"}]},{\"@type\":\"WebSite\",\"@id\":\"https:\/\/insulationfasteners.ca\/fr\/#website\",\"url\":\"https:\/\/insulationfasteners.ca\/fr\/\",\"name\":\"Insulation Fasteners\",\"description\":\"\",\"potentialAction\":[{\"@type\":\"SearchAction\",\"target\":{\"@type\":\"EntryPoint\",\"urlTemplate\":\"https:\/\/insulationfasteners.ca\/fr\/?s={search_term_string}\"},\"query-input\":\"required name=search_term_string\"}],\"inLanguage\":\"fr-CA\"}]}<\/script>\n<!-- \/ Yoast SEO plugin. -->","yoast_head_json":{"title":"Clous de plastique TEC\/PMF - Insulation Fasteners","robots":{"index":"index","follow":"follow","max-snippet":"max-snippet:-1","max-image-preview":"max-image-preview:large","max-video-preview":"max-video-preview:-1"},"canonical":"https:\/\/insulationfasteners.ca\/fr\/clous-de-plastique-tec-pmf\/","og_locale":"fr_CA","og_type":"article","og_title":"Clous de plastique TEC\/PMF - Insulation Fasteners","og_url":"https:\/\/insulationfasteners.ca\/fr\/clous-de-plastique-tec-pmf\/","og_site_name":"Insulation Fasteners","article_modified_time":"2020-04-24T16:50:33+00:00","twitter_card":"summary_large_image","twitter_misc":{"Estimation du temps de lecture":"10 minutes"},"schema":{"@context":"https:\/\/schema.org","@graph":[{"@type":"WebPage","@id":"https:\/\/insulationfasteners.ca\/fr\/clous-de-plastique-tec-pmf\/","url":"https:\/\/insulationfasteners.ca\/fr\/clous-de-plastique-tec-pmf\/","name":"Clous de plastique TEC\/PMF - Insulation Fasteners","isPartOf":{"@id":"https:\/\/insulationfasteners.ca\/fr\/#website"},"datePublished":"2020-03-24T17:39:05+00:00","dateModified":"2020-04-24T16:50:33+00:00","breadcrumb":{"@id":"https:\/\/insulationfasteners.ca\/fr\/clous-de-plastique-tec-pmf\/#breadcrumb"},"inLanguage":"fr-CA","potentialAction":[{"@type":"ReadAction","target":["https:\/\/insulationfasteners.ca\/fr\/clous-de-plastique-tec-pmf\/"]}]},{"@type":"BreadcrumbList","@id":"https:\/\/insulationfasteners.ca\/fr\/clous-de-plastique-tec-pmf\/#breadcrumb","itemListElement":[{"@type":"ListItem","position":1,"name":"Home","item":"https:\/\/insulationfasteners.ca\/fr\/"},{"@type":"ListItem","position":2,"name":"Clous de plastique TEC\/PMF"}]},{"@type":"WebSite","@id":"https:\/\/insulationfasteners.ca\/fr\/#website","url":"https:\/\/insulationfasteners.ca\/fr\/","name":"Insulation Fasteners","description":"","potentialAction":[{"@type":"SearchAction","target":{"@type":"EntryPoint","urlTemplate":"https:\/\/insulationfasteners.ca\/fr\/?s={search_term_string}"},"query-input":"required name=search_term_string"}],"inLanguage":"fr-CA"}]}},"_links":{"self":[{"href":"https:\/\/insulationfasteners.ca\/fr\/wp-json\/wp\/v2\/pages\/20302"}],"collection":[{"href":"https:\/\/insulationfasteners.ca\/fr\/wp-json\/wp\/v2\/pages"}],"about":[{"href":"https:\/\/insulationfasteners.ca\/fr\/wp-json\/wp\/v2\/types\/page"}],"author":[{"embeddable":true,"href":"https:\/\/insulationfasteners.ca\/fr\/wp-json\/wp\/v2\/users\/5"}],"replies":[{"embeddable":true,"href":"https:\/\/insulationfasteners.ca\/fr\/wp-json\/wp\/v2\/comments?post=20302"}],"version-history":[{"count":9,"href":"https:\/\/insulationfasteners.ca\/fr\/wp-json\/wp\/v2\/pages\/20302\/revisions"}],"predecessor-version":[{"id":20717,"href":"https:\/\/insulationfasteners.ca\/fr\/wp-json\/wp\/v2\/pages\/20302\/revisions\/20717"}],"wp:attachment":[{"href":"https:\/\/insulationfasteners.ca\/fr\/wp-json\/wp\/v2\/media?parent=20302"}],"curies":[{"name":"wp","href":"https:\/\/api.w.org\/{rel}","templated":true}]}}