{"id":20554,"date":"2020-04-02T11:31:20","date_gmt":"2020-04-02T15:31:20","guid":{"rendered":"https:\/\/insulationfasteners.ca\/?page_id=20554"},"modified":"2020-04-02T11:31:20","modified_gmt":"2020-04-02T15:31:20","slug":"conditions-utilisation","status":"publish","type":"page","link":"https:\/\/insulationfasteners.ca\/fr\/conditions-utilisation\/","title":{"rendered":"Conditions d&rsquo;utilisation"},"content":{"rendered":"<div class=\"fusion-fullwidth fullwidth-box fusion-builder-row-1 fusion-flex-container nonhundred-percent-fullwidth non-hundred-percent-height-scrolling\" style=\"--awb-border-radius-top-left:0px;--awb-border-radius-top-right:0px;--awb-border-radius-bottom-right:0px;--awb-border-radius-bottom-left:0px;\" ><div class=\"fusion-builder-row fusion-row fusion-flex-align-items-flex-start\" style=\"max-width:calc( 1170px + 0px );margin-left: calc(-0px \/ 2 );margin-right: calc(-0px \/ 2 );\"><div class=\"fusion-layout-column fusion_builder_column fusion-builder-column-0 fusion_builder_column_1_1 1_1 fusion-flex-column\" style=\"--awb-bg-size:cover;--awb-width-large:100%;--awb-margin-top-large:0px;--awb-spacing-right-large:0px;--awb-margin-bottom-large:20px;--awb-spacing-left-large:0px;--awb-width-medium:100%;--awb-spacing-right-medium:0px;--awb-spacing-left-medium:0px;--awb-width-small:100%;--awb-spacing-right-small:0px;--awb-spacing-left-small:0px;\"><div class=\"fusion-column-wrapper fusion-flex-justify-content-flex-start fusion-content-layout-column\"><div class=\"fusion-text fusion-text-1\"><h2><span style=\"font-weight: 400;\">Conditions d\u2019utilisation<\/span><\/h2>\n<ol>\n<li><strong> Introduction<\/strong><\/li>\n<\/ol>\n<p><span style=\"font-weight: 400;\">Ce site Web est exploit\u00e9 par Les Ancrages M\u00e9caniques TechnoFix Inc. Les termes \u00abnous\u00bb, \u00abnos\u00bb et \u00abnos\u00bb renvoient \u00e0 insulationfasteners.ca. L&rsquo;utilisation de notre site Web est soumise aux conditions d&rsquo;utilisation suivantes, telles que modifi\u00e9es de temps \u00e0 autre (les \u00abConditions\u00bb). Les Conditions doivent \u00eatre lues ensemble par vous avec les termes, conditions ou clauses de non-responsabilit\u00e9 fournies dans les pages de notre site Web. Veuillez lire attentivement les conditions. Les Conditions s&rsquo;appliquent \u00e0 tous les utilisateurs de notre site Web, y compris, sans s&rsquo;y limiter, les utilisateurs qui sont des navigateurs, des clients, des marchands, des fournisseurs et \/ ou des contributeurs de contenu. Si vous acc\u00e9dez et utilisez ce site Web, vous acceptez et acceptez d&rsquo;\u00eatre li\u00e9 et de vous conformer aux Conditions et \u00e0 notre Politique de confidentialit\u00e9. Si vous n&rsquo;acceptez pas les Conditions ou notre Politique de confidentialit\u00e9, vous n&rsquo;\u00eates pas autoris\u00e9 \u00e0 acc\u00e9der \u00e0 notre site Web, \u00e0 utiliser l&rsquo;un des services de notre site Web ou \u00e0 passer une commande sur notre site Web.<\/span><span style=\"font-weight: 400;\">\u00a0<\/span><\/p>\n<ol start=\"2\">\n<li><strong> Utilisation de notre site Web<\/strong><\/li>\n<\/ol>\n<p><span style=\"font-weight: 400;\">\u00a0Vous acceptez d&rsquo;utiliser notre site Web \u00e0 des fins l\u00e9gitimes et non \u00e0 des fins ill\u00e9gales ou non autoris\u00e9es, y compris, sans limitation, en violation de toute loi sur la propri\u00e9t\u00e9 intellectuelle ou la vie priv\u00e9e. En acceptant les Conditions, vous d\u00e9clarez et garantissez que vous avez au moins l&rsquo;\u00e2ge de la majorit\u00e9 dans votre \u00e9tat ou province de r\u00e9sidence et \u00eates l\u00e9galement capable de conclure un contrat contraignant.<\/span><\/p>\n<p><span style=\"font-weight: 400;\">Vous acceptez de ne pas utiliser notre site Web pour mener une activit\u00e9 qui constituerait une infraction civile ou p\u00e9nale ou violerait une loi. Vous vous engagez \u00e0 ne pas tenter d&rsquo;interf\u00e9rer avec le r\u00e9seau ou les fonctions de s\u00e9curit\u00e9 de notre site Web ou \u00e0 acc\u00e9der sans autorisation \u00e0 nos syst\u00e8mes.<\/span><\/p>\n<p><span style=\"font-weight: 400;\">Vous vous engagez \u00e0 nous fournir des informations personnelles pr\u00e9cises, telles que votre adresse e-mail, votre adresse postale et d&rsquo;autres coordonn\u00e9es afin de finaliser votre commande ou de vous contacter au besoin. Vous acceptez de mettre \u00e0 jour rapidement votre compte et vos informations. Vous nous autorisez \u00e0 collecter et \u00e0 utiliser ces informations pour vous contacter conform\u00e9ment \u00e0 notre politique de confidentialit\u00e9.<\/span><\/p>\n<ol start=\"3\">\n<li><strong> Conditions g\u00e9n\u00e9rales<\/strong><\/li>\n<\/ol>\n<p><span style=\"font-weight: 400;\">Nous nous r\u00e9servons le droit de refuser le service \u00e0 quiconque, \u00e0 tout moment, pour quelque raison que ce soit. Nous nous r\u00e9servons le droit d&rsquo;apporter des modifications au site Web, y compris la r\u00e9siliation, la modification, la suspension ou l&rsquo;interruption de tout aspect du site Web \u00e0 tout moment, sans pr\u00e9avis. Nous pouvons imposer des r\u00e8gles ou des limites suppl\u00e9mentaires \u00e0 l&rsquo;utilisation de notre site Web. Vous acceptez de consulter les Conditions r\u00e9guli\u00e8rement et votre acc\u00e8s ou utilisation continue de notre site Web signifie que vous acceptez tout changement.<\/span><\/p>\n<p><span style=\"font-weight: 400;\">Vous acceptez que nous ne serons pas responsables envers vous ou tout tiers pour toute modification, suspension ou interruption de notre site Web ou pour tout service, contenu, fonctionnalit\u00e9 ou produit offert via notre site Web.<\/span><\/p>\n<ol start=\"4\">\n<li><strong> Produits ou services<\/strong><\/li>\n<\/ol>\n<p><span style=\"font-weight: 400;\">Tous les achats sur notre site Web sont soumis \u00e0 la disponibilit\u00e9 des produits. Nous pouvons, \u00e0 notre seule discr\u00e9tion, limiter ou annuler les quantit\u00e9s offertes sur notre site Web ou limiter les ventes de nos produits ou services \u00e0 toute personne, m\u00e9nage, r\u00e9gion g\u00e9ographique ou juridiction.<\/span><\/p>\n<p><span style=\"font-weight: 400;\">Les prix de nos produits peuvent changer sans pr\u00e9avis. Sauf indication contraire, les prix affich\u00e9s sur notre site Web sont indiqu\u00e9s en dollars canadiens.<\/span><\/p>\n<p><span style=\"font-weight: 400;\">Nous nous r\u00e9servons le droit, \u00e0 notre seule discr\u00e9tion, de refuser les commandes, y compris, sans limitation, les commandes qui semblent \u00eatre pass\u00e9es par des distributeurs ou des revendeurs. Si nous pensons que vous avez pass\u00e9 une commande fausse ou frauduleuse, nous serons en droit d&rsquo;annuler la commande et d&rsquo;en informer les autorit\u00e9s comp\u00e9tentes.<\/span><\/p>\n<p><span style=\"font-weight: 400;\">Nous ne garantissons pas l&rsquo;exactitude de la couleur ou du design des produits sur notre site Web. Nous nous sommes efforc\u00e9s de faire en sorte que la couleur et le design de nos produits soient affich\u00e9s le plus fid\u00e8lement possible sur notre site Web.<\/span><\/p>\n<ol start=\"5\">\n<li><strong> Liens vers des sites Web tiers<\/strong><\/li>\n<\/ol>\n<p><span style=\"font-weight: 400;\">\u00a0Les liens depuis ou vers des sites Web en dehors de notre site Web sont destin\u00e9s \u00e0 des fins de commodit\u00e9 uniquement. Nous n&rsquo;examinons pas, n&rsquo;approuvons pas, n&rsquo;approuvons pas ou ne contr\u00f4lons pas, et ne sommes pas responsables des sites li\u00e9s depuis ou vers notre site Web, du contenu de ces sites, des tiers qui y sont nomm\u00e9s, ou de leurs produits et services. Un lien vers un autre site est \u00e0 vos risques et p\u00e9rils et nous ne serons pas responsables des dommages li\u00e9s \u00e0 la connexion. Les liens vers des sites de logiciels t\u00e9l\u00e9chargeables sont fournis uniquement \u00e0 des fins de commodit\u00e9 et nous ne sommes pas responsables des difficult\u00e9s ou cons\u00e9quences li\u00e9es au t\u00e9l\u00e9chargement du logiciel. L&rsquo;utilisation de tout logiciel t\u00e9l\u00e9charg\u00e9 est r\u00e9gie par les termes du contrat de licence, le cas \u00e9ch\u00e9ant, qui accompagne ou est fourni avec le logiciel.<\/span><\/p>\n<ol start=\"6\">\n<li><strong> Utilisation des commentaires et d&rsquo;autres formes de soumissions<\/strong><\/li>\n<\/ol>\n<p><span style=\"font-weight: 400;\">Vous reconnaissez que vous \u00eates responsable des informations, profils, opinions, messages, commentaires et tout autre contenu (collectivement, le \u00abContenu\u00bb) que vous publiez, distribuez ou partagez sur ou via notre site Web ou les services disponibles en relation avec notre site Web. Vous reconnaissez en outre que vous avez l&rsquo;enti\u00e8re responsabilit\u00e9 du contenu, y compris, mais de fa\u00e7on limit\u00e9e, en ce qui concerne sa l\u00e9galit\u00e9, sa marque, son droit d&rsquo;auteur et toute autre propri\u00e9t\u00e9 intellectuelle.<\/span><\/p>\n<p><span style=\"font-weight: 400;\">Vous acceptez que tout Contenu soumis par vous en r\u00e9ponse \u00e0 une demande de notre part pour une soumission sp\u00e9cifique puisse \u00eatre \u00e9dit\u00e9, adapt\u00e9, modifi\u00e9, recr\u00e9\u00e9, publi\u00e9 ou distribu\u00e9 par nous. Vous acceptez en outre que nous ne sommes pas tenus de maintenir un Contenu en toute confidentialit\u00e9, de payer une compensation pour tout Contenu ou de r\u00e9pondre \u00e0 un Contenu.<\/span><\/p>\n<p><span style=\"font-weight: 400;\">Vous acceptez de ne pas publier, distribuer ou partager tout contenu sur notre site Web qui est prot\u00e9g\u00e9 par le droit d&rsquo;auteur, une marque, un brevet ou tout autre droit de propri\u00e9t\u00e9 sans le consentement expr\u00e8s du propri\u00e9taire de ce droit de propri\u00e9t\u00e9. Vous convenez en outre que votre Contenu ne sera pas ill\u00e9gal, abusif ou obsc\u00e8ne et ne contiendra aucun logiciel malveillant ou virus informatique qui pourrait affecter les op\u00e9rations de notre site Web. Vous serez seul responsable de tout Contenu que vous cr\u00e9ez et de son exactitude. Nous n&rsquo;avons aucune responsabilit\u00e9 et n&rsquo;assumons aucune responsabilit\u00e9 pour tout contenu publi\u00e9 par vous ou un tiers.<\/span><\/p>\n<p><span style=\"font-weight: 400;\">Nous nous r\u00e9servons le droit de mettre fin \u00e0 votre capacit\u00e9 de publier sur notre site Web et de supprimer et \/ ou supprimer tout contenu que nous jugeons r\u00e9pr\u00e9hensible. Vous consentez \u00e0 une telle suppression et \/ ou suppression et renoncez \u00e0 toute r\u00e9clamation contre nous pour la suppression et \/ ou la suppression de votre Contenu.<\/span><\/p>\n<ol start=\"7\">\n<li><strong> Vos informations personnelles<\/strong><\/li>\n<\/ol>\n<p><span style=\"font-weight: 400;\">Veuillez consulter notre politique de confidentialit\u00e9 pour savoir comment nous collectons, utilisons et partageons vos informations personnelles.<\/span><\/p>\n<ol start=\"8\">\n<li><strong> Erreurs et omissions<\/strong><\/li>\n<\/ol>\n<p><span style=\"font-weight: 400;\">Veuillez noter que notre site Web peut contenir des erreurs typographiques ou des inexactitudes et peut ne pas \u00eatre complet ou \u00e0 jour. Nous nous r\u00e9servons le droit de corriger toute erreur, inexactitude ou omission et de modifier ou mettre \u00e0 jour les informations \u00e0 tout moment, sans pr\u00e9avis (y compris apr\u00e8s qu&rsquo;une commande a \u00e9t\u00e9 soumise). Ces erreurs, inexactitudes ou omissions peuvent se rapporter \u00e0 la description, au prix, \u00e0 la promotion et \u00e0 la disponibilit\u00e9 des produits et nous nous r\u00e9servons le droit d&rsquo;annuler ou de refuser toute commande pass\u00e9e sur la base d&rsquo;informations de prix ou de disponibilit\u00e9 incorrectes, dans la mesure permise par la loi applicable.<\/span><\/p>\n<p><span style=\"font-weight: 400;\">Nous ne nous engageons pas \u00e0 mettre \u00e0 jour, modifier ou clarifier les informations sur notre site Web, sauf si la loi l&rsquo;exige.<\/span><\/p>\n<ol start=\"9\">\n<li><strong> Clause de non-responsabilit\u00e9 et limitation de responsabilit\u00e9<\/strong><\/li>\n<\/ol>\n<p><span style=\"font-weight: 400;\">Vous assumez toute responsabilit\u00e9 et risque en ce qui concerne votre utilisation de notre site Web, qui est fourni \u00abtel quel\u00bb sans garanties, repr\u00e9sentations ou conditions de toute nature, expresses ou implicites, en ce qui concerne les informations accessibles depuis ou via notre site Web, y compris sans limitation, tout le contenu et les mat\u00e9riaux, et les fonctions et services fournis sur notre site Web, qui sont tous fournis sans garantie d&rsquo;aucune sorte, y compris, mais sans s&rsquo;y limiter, les garanties concernant la disponibilit\u00e9, l&rsquo;exactitude, l&rsquo;exhaustivit\u00e9 ou l&rsquo;utilit\u00e9 du contenu ou des informations, l&rsquo;acc\u00e8s ininterrompu, et toute garantie de titre, de non-contrefa\u00e7on, de qualit\u00e9 marchande ou d&rsquo;ad\u00e9quation \u00e0 un usage particulier. Nous ne garantissons pas que notre site Web ou son fonctionnement ou le contenu et le mat\u00e9riel des services rendus disponibles seront opportuns, s\u00e9curis\u00e9s, ininterrompus ou sans erreur, que les d\u00e9fauts seront corrig\u00e9s ou que nos sites Web ou les serveurs qui font notre site Web disponibles sont exempts de virus ou d&rsquo;autres composants nuisibles.<\/span><\/p>\n<p><span style=\"font-weight: 400;\">L&rsquo;utilisation de notre site Web est \u00e0 vos risques et p\u00e9rils et vous assumez l&rsquo;enti\u00e8re responsabilit\u00e9 de tous les co\u00fbts associ\u00e9s \u00e0 votre utilisation de notre site Web. Nous ne serons pas responsables des dommages de toute nature li\u00e9s \u00e0 l&rsquo;utilisation de notre site Web.<\/span><\/p>\n<p><span style=\"font-weight: 400;\">En aucun cas nous, ou nos affili\u00e9s, nos ou leurs fournisseurs de contenu ou de services respectifs, ou l&rsquo;un de nos ou leurs directeurs, officiers, agents, sous-traitants, fournisseurs ou employ\u00e9s respectifs ne seront responsables envers vous pour tout incident, direct, indirect, sp\u00e9cial ou accessoire, dommages indirects, exemplaires ou punitifs, pertes ou causes d&rsquo;action, ou perte de revenus, perte de profits, perte d&rsquo;affaires ou de ventes, ou tout autre type de dommage, qu&rsquo;il soit contractuel ou d\u00e9lictuel (y compris la n\u00e9gligence), de responsabilit\u00e9 stricte ou autre, d\u00e9coulant de votre utilisation, de votre incapacit\u00e9 \u00e0 utiliser ou de la performance de notre site Web ou du contenu ou du mat\u00e9riel ou des fonctionnalit\u00e9s de notre site Web, m\u00eame si nous sommes inform\u00e9s de la possibilit\u00e9 de tels dommages.<\/span><\/p>\n<p><span style=\"font-weight: 400;\">Certaines juridictions n&rsquo;autorisent pas la limitation de responsabilit\u00e9 ou l&rsquo;exclusion ou la limitation de certains dommages. Dans de telles juridictions, certaines ou toutes les exclusions, exclusions ou limitations ci-dessus peuvent ne pas s&rsquo;appliquer \u00e0 vous et notre responsabilit\u00e9 sera limit\u00e9e dans la mesure maximale autoris\u00e9e par la loi.<\/span><\/p>\n<ol start=\"10\">\n<li><strong> Indemnisation<\/strong><\/li>\n<\/ol>\n<p><span style=\"font-weight: 400;\">Vous vous engagez \u00e0 nous d\u00e9fendre et \u00e0 nous indemniser, et \u00e0 nous tenir ainsi que nos soci\u00e9t\u00e9s affili\u00e9es, ainsi que nos et leurs administrateurs, dirigeants, agents, sous-traitants et employ\u00e9s respectifs contre toute perte, responsabilit\u00e9, r\u00e9clamation, d\u00e9penses (y compris les frais juridiques) de quelque mani\u00e8re que ce soit li\u00e9s \u00e0 ou en relation avec votre utilisation de notre site Web, votre violation des Conditions ou la publication ou la transmission de tout mat\u00e9riel sur ou par le biais du site Web par vous, y compris, mais sans s&rsquo;y limiter, tout tiers pr\u00e9tendant que toute information ou mat\u00e9riel fournis par vous enfreignez les droits de propri\u00e9t\u00e9 de tiers.<\/span><\/p>\n<ol start=\"11\">\n<li><strong> Int\u00e9gralit\u00e9 de l&rsquo;accord<\/strong><\/li>\n<\/ol>\n<p><span style=\"font-weight: 400;\">Les Conditions et tous les documents qui y sont express\u00e9ment mentionn\u00e9s repr\u00e9sentent l&rsquo;int\u00e9gralit\u00e9 de l&rsquo;accord entre vous et nous en relation avec l&rsquo;objet des Conditions et remplacent tout accord, entente ou arrangement pr\u00e9alable entre vous et nous, qu&rsquo;il soit oral ou \u00e9crit. Vous et nous reconnaissons qu&rsquo;en concluant ces Conditions, ni vous ni nous ne nous sommes appuy\u00e9s sur une repr\u00e9sentation, un engagement ou une promesse donn\u00e9e par l&rsquo;autre ou implicite de tout ce qui a \u00e9t\u00e9 dit ou \u00e9crit entre vous et nous avant ces Conditions, sauf indication expresse contraire. dans les Conditions.<\/span><\/p>\n<ol start=\"12\">\n<li><strong> Renonciation<\/strong><\/li>\n<\/ol>\n<p><span style=\"font-weight: 400;\">Notre incapacit\u00e9 \u00e0 exercer ou \u00e0 appliquer tout droit ou disposition des Conditions ne constitue pas une renonciation \u00e0 ce droit ou \u00e0 cette disposition. Une renonciation de notre part \u00e0 tout d\u00e9faut ne constitue pas une renonciation \u00e0 tout d\u00e9faut ult\u00e9rieur. Aucune renonciation de notre part n&rsquo;est effective \u00e0 moins qu&rsquo;elle ne vous soit communiqu\u00e9e par \u00e9crit.<\/span><\/p>\n<ol start=\"13\">\n<li><strong> Rubriques<\/strong><\/li>\n<\/ol>\n<p><span style=\"font-weight: 400;\">Tous les titres et titres figurant dans le pr\u00e9sent document sont fournis \u00e0 titre indicatif uniquement.<\/span><\/p>\n<ol start=\"14\">\n<li><strong> Divisibilit\u00e9<\/strong><\/li>\n<\/ol>\n<p><span style=\"font-weight: 400;\">\u00a0Si l&rsquo;une des dispositions des Conditions est jug\u00e9e invalide, ill\u00e9gale ou inapplicable par une autorit\u00e9 comp\u00e9tente, cette disposition sera dans cette mesure dissoci\u00e9e des Conditions restantes, qui continueront d&rsquo;\u00eatre valides et applicables dans toute la mesure permise par la loi.<\/span><\/p>\n<ol start=\"15\">\n<li><strong> Loi applicable<\/strong><\/li>\n<\/ol>\n<p><span style=\"font-weight: 400;\">\u00a0Tout litige d\u00e9coulant des pr\u00e9sentes, de la politique de confidentialit\u00e9, de l&rsquo;utilisation de notre site Web ou de nos produits ou services offerts sur notre site Web sera r\u00e9solu conform\u00e9ment aux lois de la province de Qu\u00e9bec, sans \u00e9gard \u00e0 ses r\u00e8gles de conflit de lois. Tout litige, action ou proc\u00e9dure concernant les Conditions ou votre acc\u00e8s ou utilisation de notre site Web doit \u00eatre port\u00e9 devant les tribunaux de la province de Qu\u00e9bec dans la ville de Sherbrooke,Province de Qu\u00e9bec et vous consentez irr\u00e9vocablement \u00e0 la comp\u00e9tence exclusive et \u00e0 la juridiction de ces tribunaux.<\/span><\/p>\n<ol start=\"16\">\n<li><strong> Questions ou pr\u00e9occupations<\/strong><\/li>\n<\/ol>\n<p><span style=\"font-weight: 400;\">Veuillez nous envoyer toutes vos questions, commentaires et commentaires \u00e0 info@insulationfasteners.ca<\/span><\/p>\n<p style=\"text-align: right;\">10 mars, 2020<\/p>\n<\/div><\/div><\/div><\/div><\/div>\n","protected":false},"excerpt":{"rendered":"","protected":false},"author":5,"featured_media":0,"parent":0,"menu_order":0,"comment_status":"closed","ping_status":"closed","template":"100-width.php","meta":[],"yoast_head":"<!-- This site is optimized with the Yoast SEO plugin v20.8 - https:\/\/yoast.com\/wordpress\/plugins\/seo\/ -->\n<title>Conditions d&#039;utilisation - Insulation Fasteners<\/title>\n<meta name=\"robots\" content=\"index, follow, max-snippet:-1, max-image-preview:large, max-video-preview:-1\" \/>\n<link rel=\"canonical\" href=\"https:\/\/insulationfasteners.ca\/fr\/conditions-utilisation\/\" \/>\n<meta property=\"og:locale\" content=\"fr_CA\" \/>\n<meta property=\"og:type\" content=\"article\" \/>\n<meta property=\"og:title\" content=\"Conditions d&#039;utilisation - Insulation Fasteners\" \/>\n<meta property=\"og:url\" content=\"https:\/\/insulationfasteners.ca\/fr\/conditions-utilisation\/\" \/>\n<meta property=\"og:site_name\" content=\"Insulation Fasteners\" \/>\n<meta name=\"twitter:card\" content=\"summary_large_image\" \/>\n<meta name=\"twitter:label1\" content=\"Estimation du temps de lecture\" \/>\n\t<meta name=\"twitter:data1\" content=\"12 minutes\" \/>\n<script type=\"application\/ld+json\" class=\"yoast-schema-graph\">{\"@context\":\"https:\/\/schema.org\",\"@graph\":[{\"@type\":\"WebPage\",\"@id\":\"https:\/\/insulationfasteners.ca\/fr\/conditions-utilisation\/\",\"url\":\"https:\/\/insulationfasteners.ca\/fr\/conditions-utilisation\/\",\"name\":\"Conditions d'utilisation - Insulation Fasteners\",\"isPartOf\":{\"@id\":\"https:\/\/insulationfasteners.ca\/fr\/#website\"},\"datePublished\":\"2020-04-02T15:31:20+00:00\",\"dateModified\":\"2020-04-02T15:31:20+00:00\",\"breadcrumb\":{\"@id\":\"https:\/\/insulationfasteners.ca\/fr\/conditions-utilisation\/#breadcrumb\"},\"inLanguage\":\"fr-CA\",\"potentialAction\":[{\"@type\":\"ReadAction\",\"target\":[\"https:\/\/insulationfasteners.ca\/fr\/conditions-utilisation\/\"]}]},{\"@type\":\"BreadcrumbList\",\"@id\":\"https:\/\/insulationfasteners.ca\/fr\/conditions-utilisation\/#breadcrumb\",\"itemListElement\":[{\"@type\":\"ListItem\",\"position\":1,\"name\":\"Home\",\"item\":\"https:\/\/insulationfasteners.ca\/fr\/\"},{\"@type\":\"ListItem\",\"position\":2,\"name\":\"Conditions d&rsquo;utilisation\"}]},{\"@type\":\"WebSite\",\"@id\":\"https:\/\/insulationfasteners.ca\/fr\/#website\",\"url\":\"https:\/\/insulationfasteners.ca\/fr\/\",\"name\":\"Insulation Fasteners\",\"description\":\"\",\"potentialAction\":[{\"@type\":\"SearchAction\",\"target\":{\"@type\":\"EntryPoint\",\"urlTemplate\":\"https:\/\/insulationfasteners.ca\/fr\/?s={search_term_string}\"},\"query-input\":\"required name=search_term_string\"}],\"inLanguage\":\"fr-CA\"}]}<\/script>\n<!-- \/ Yoast SEO plugin. -->","yoast_head_json":{"title":"Conditions d'utilisation - Insulation Fasteners","robots":{"index":"index","follow":"follow","max-snippet":"max-snippet:-1","max-image-preview":"max-image-preview:large","max-video-preview":"max-video-preview:-1"},"canonical":"https:\/\/insulationfasteners.ca\/fr\/conditions-utilisation\/","og_locale":"fr_CA","og_type":"article","og_title":"Conditions d'utilisation - Insulation Fasteners","og_url":"https:\/\/insulationfasteners.ca\/fr\/conditions-utilisation\/","og_site_name":"Insulation Fasteners","twitter_card":"summary_large_image","twitter_misc":{"Estimation du temps de lecture":"12 minutes"},"schema":{"@context":"https:\/\/schema.org","@graph":[{"@type":"WebPage","@id":"https:\/\/insulationfasteners.ca\/fr\/conditions-utilisation\/","url":"https:\/\/insulationfasteners.ca\/fr\/conditions-utilisation\/","name":"Conditions d'utilisation - Insulation Fasteners","isPartOf":{"@id":"https:\/\/insulationfasteners.ca\/fr\/#website"},"datePublished":"2020-04-02T15:31:20+00:00","dateModified":"2020-04-02T15:31:20+00:00","breadcrumb":{"@id":"https:\/\/insulationfasteners.ca\/fr\/conditions-utilisation\/#breadcrumb"},"inLanguage":"fr-CA","potentialAction":[{"@type":"ReadAction","target":["https:\/\/insulationfasteners.ca\/fr\/conditions-utilisation\/"]}]},{"@type":"BreadcrumbList","@id":"https:\/\/insulationfasteners.ca\/fr\/conditions-utilisation\/#breadcrumb","itemListElement":[{"@type":"ListItem","position":1,"name":"Home","item":"https:\/\/insulationfasteners.ca\/fr\/"},{"@type":"ListItem","position":2,"name":"Conditions d&rsquo;utilisation"}]},{"@type":"WebSite","@id":"https:\/\/insulationfasteners.ca\/fr\/#website","url":"https:\/\/insulationfasteners.ca\/fr\/","name":"Insulation Fasteners","description":"","potentialAction":[{"@type":"SearchAction","target":{"@type":"EntryPoint","urlTemplate":"https:\/\/insulationfasteners.ca\/fr\/?s={search_term_string}"},"query-input":"required name=search_term_string"}],"inLanguage":"fr-CA"}]}},"_links":{"self":[{"href":"https:\/\/insulationfasteners.ca\/fr\/wp-json\/wp\/v2\/pages\/20554"}],"collection":[{"href":"https:\/\/insulationfasteners.ca\/fr\/wp-json\/wp\/v2\/pages"}],"about":[{"href":"https:\/\/insulationfasteners.ca\/fr\/wp-json\/wp\/v2\/types\/page"}],"author":[{"embeddable":true,"href":"https:\/\/insulationfasteners.ca\/fr\/wp-json\/wp\/v2\/users\/5"}],"replies":[{"embeddable":true,"href":"https:\/\/insulationfasteners.ca\/fr\/wp-json\/wp\/v2\/comments?post=20554"}],"version-history":[{"count":1,"href":"https:\/\/insulationfasteners.ca\/fr\/wp-json\/wp\/v2\/pages\/20554\/revisions"}],"predecessor-version":[{"id":20555,"href":"https:\/\/insulationfasteners.ca\/fr\/wp-json\/wp\/v2\/pages\/20554\/revisions\/20555"}],"wp:attachment":[{"href":"https:\/\/insulationfasteners.ca\/fr\/wp-json\/wp\/v2\/media?parent=20554"}],"curies":[{"name":"wp","href":"https:\/\/api.w.org\/{rel}","templated":true}]}}