{"id":20581,"date":"2020-04-03T11:45:03","date_gmt":"2020-04-03T15:45:03","guid":{"rendered":"https:\/\/insulationfasteners.ca\/?page_id=20581"},"modified":"2020-05-22T11:57:42","modified_gmt":"2020-05-22T15:57:42","slug":"contact","status":"publish","type":"page","link":"https:\/\/insulationfasteners.ca\/fr\/contact\/","title":{"rendered":"Nous contacter"},"content":{"rendered":"<div class=\"fusion-fullwidth fullwidth-box fusion-builder-row-1 fusion-flex-container nonhundred-percent-fullwidth non-hundred-percent-height-scrolling\" style=\"--awb-background-position:center bottom;--awb-border-radius-top-left:0px;--awb-border-radius-top-right:0px;--awb-border-radius-bottom-right:0px;--awb-border-radius-bottom-left:0px;--awb-padding-top:20px;--awb-padding-bottom:0px;--awb-border-sizes-top:0px;--awb-border-sizes-bottom:0px;\" ><div class=\"fusion-builder-row fusion-row fusion-flex-align-items-flex-start\" style=\"max-width:1216.8px;margin-left: calc(-4% \/ 2 );margin-right: calc(-4% \/ 2 );\"><div class=\"fusion-layout-column fusion_builder_column fusion-builder-column-0 fusion_builder_column_1_1 1_1 fusion-flex-column fusion-flex-align-self-flex-start fusion-column-no-min-height\" style=\"--awb-bg-size:cover;--awb-width-large:100%;--awb-margin-top-large:0px;--awb-spacing-right-large:1.92%;--awb-margin-bottom-large:0px;--awb-spacing-left-large:1.92%;--awb-width-medium:100%;--awb-spacing-right-medium:1.92%;--awb-spacing-left-medium:1.92%;--awb-width-small:100%;--awb-spacing-right-small:1.92%;--awb-spacing-left-small:1.92%;\"><div class=\"fusion-column-wrapper fusion-flex-justify-content-flex-start fusion-content-layout-column\"><div class=\"fusion-text fusion-text-1\"><h2><span style=\"color: #000000;\">NOUS CONTACTER<\/span><\/h2>\n<h3><span style=\"color: #000000;\">Parlez-nous de vos projets ou de vos suggestions. Notre service \u00e0 la client\u00e8le vous r\u00e9pondra dans le plus bref d\u00e9lai.<\/span><\/h3>\n<\/div><div class=\"fusion-separator fusion-full-width-sep\" style=\"align-self: center;margin-left: auto;margin-right: auto;margin-top:20px;width:100%;\"><\/div><div class=\"fusion-text fusion-text-2\"><h2><strong>Pour plus d&rsquo;informations sur nos produits et services, contactez-nous!<\/strong><\/h2>\n<\/div><\/div><\/div><div class=\"fusion-layout-column fusion_builder_column fusion-builder-column-1 fusion_builder_column_1_2 1_2 fusion-flex-column\" style=\"--awb-bg-size:cover;--awb-width-large:50%;--awb-margin-top-large:0px;--awb-spacing-right-large:3.84%;--awb-margin-bottom-large:20px;--awb-spacing-left-large:3.84%;--awb-width-medium:50%;--awb-spacing-right-medium:3.84%;--awb-spacing-left-medium:3.84%;--awb-width-small:100%;--awb-spacing-right-small:1.92%;--awb-spacing-left-small:1.92%;\"><div class=\"fusion-column-wrapper fusion-flex-justify-content-flex-start fusion-content-layout-column\"><div class=\"fusion-text fusion-text-3\"><p>En plus de notre boutique en ligne qui est ouverte en tout temps, vous pouvez contacter notre service \u00e0 la client\u00e8le de 8am \u00e0 5pm (HNE), du lundi au vendredi.<\/p>\n<p>Nous avons aussi des repr\u00e9sentants aux ventes offrant des rabais de volume pour les distributeurs de mat\u00e9riaux de construction sp\u00e9cialis\u00e9s et les quincailleries.<\/p>\n<\/div><div class=\"fusion-text fusion-text-4\"><p><span style=\"color: #000000;\"> Insulation Fasteners<\/span><br \/>\n<span style=\"color: #000000;\"> 660 Lavigerie boulevard<\/span><br \/>\n<span style=\"color: #000000;\"> Sherbrooke, Qc J1G 2X2<\/span><br \/>\n<span style=\"color: #000000;\"> Phone: 1.877.563.6995<\/span><\/p>\n<\/div><\/div><\/div><div class=\"fusion-layout-column fusion_builder_column fusion-builder-column-2 fusion_builder_column_1_2 1_2 fusion-flex-column\" style=\"--awb-bg-color:#e0e0e0;--awb-bg-color-hover:#e0e0e0;--awb-bg-size:cover;--awb-width-large:50%;--awb-margin-top-large:0px;--awb-spacing-right-large:3.84%;--awb-margin-bottom-large:20px;--awb-spacing-left-large:3.84%;--awb-width-medium:50%;--awb-spacing-right-medium:3.84%;--awb-spacing-left-medium:3.84%;--awb-width-small:100%;--awb-spacing-right-small:1.92%;--awb-spacing-left-small:1.92%;\"><div class=\"fusion-column-wrapper fusion-flex-justify-content-flex-start fusion-content-layout-column\"><div class=\"fusion-text fusion-text-5\"><h2 style=\"text-align: center;\">Comment pouvons-nous vous aider?<\/h2>\n<\/div><div class=\"fusion-text fusion-text-6\">\n<div class=\"wpcf7 no-js\" id=\"wpcf7-f20584-o1\" lang=\"en-CA\" dir=\"ltr\">\n<div class=\"screen-reader-response\"><p role=\"status\" aria-live=\"polite\" aria-atomic=\"true\"><\/p> <ul><\/ul><\/div>\n<form action=\"\/fr\/wp-json\/wp\/v2\/pages\/20581#wpcf7-f20584-o1\" method=\"post\" class=\"wpcf7-form init\" aria-label=\"Contact form\" novalidate=\"novalidate\" data-status=\"init\">\n<div style=\"display: none;\">\n<input type=\"hidden\" name=\"_wpcf7\" value=\"20584\" \/>\n<input type=\"hidden\" name=\"_wpcf7_version\" value=\"5.7.6\" \/>\n<input type=\"hidden\" name=\"_wpcf7_locale\" value=\"en_CA\" \/>\n<input type=\"hidden\" name=\"_wpcf7_unit_tag\" value=\"wpcf7-f20584-o1\" \/>\n<input type=\"hidden\" name=\"_wpcf7_container_post\" value=\"0\" \/>\n<input type=\"hidden\" name=\"_wpcf7_posted_data_hash\" value=\"\" \/>\n<\/div>\n<p><label> Nom (requis)<br \/>\n<span class=\"wpcf7-form-control-wrap\" data-name=\"your-name\"><input size=\"40\" class=\"wpcf7-form-control wpcf7-text wpcf7-validates-as-required\" aria-required=\"true\" aria-invalid=\"false\" value=\"\" type=\"text\" name=\"your-name\" \/><\/span> <\/label>\n<\/p>\n<p><label> Courriel (requis)<br \/>\n<span class=\"wpcf7-form-control-wrap\" data-name=\"your-email\"><input size=\"40\" class=\"wpcf7-form-control wpcf7-text wpcf7-email wpcf7-validates-as-required wpcf7-validates-as-email\" aria-required=\"true\" aria-invalid=\"false\" value=\"\" type=\"email\" name=\"your-email\" \/><\/span> <\/label>\n<\/p>\n<p><label> Sujet<br \/>\n<span class=\"wpcf7-form-control-wrap\" data-name=\"your-subject\"><input size=\"40\" class=\"wpcf7-form-control wpcf7-text\" aria-invalid=\"false\" value=\"\" type=\"text\" name=\"your-subject\" \/><\/span> <\/label>\n<\/p>\n<p><label> Message<br \/>\n<span class=\"wpcf7-form-control-wrap\" data-name=\"your-message\"><textarea cols=\"40\" rows=\"10\" class=\"wpcf7-form-control wpcf7-textarea\" aria-invalid=\"false\" name=\"your-message\"><\/textarea><\/span> <\/label>\n<\/p>\n<p><input class=\"wpcf7-form-control has-spinner wpcf7-submit\" type=\"submit\" value=\"Envoyer\" \/>\n<\/p><p style=\"display: none !important;\" class=\"akismet-fields-container\" data-prefix=\"_wpcf7_ak_\"><label>&#916;<textarea name=\"_wpcf7_ak_hp_textarea\" cols=\"45\" rows=\"8\" maxlength=\"100\"><\/textarea><\/label><input type=\"hidden\" id=\"ak_js_1\" name=\"_wpcf7_ak_js\" value=\"119\"\/><script>document.getElementById( \"ak_js_1\" ).setAttribute( \"value\", ( new Date() ).getTime() );<\/script><\/p><div class=\"fusion-alert alert custom alert-custom fusion-alert-center wpcf7-response-output fusion-alert-capitalize alert-dismissable\" style=\"--awb-border-size:1px;\" role=\"alert\"><div class=\"fusion-alert-content-wrapper\"><span class=\"fusion-alert-content\"><\/span><\/div><button type=\"button\" class=\"close toggle-alert\" data-dismiss=\"alert\" aria-label=\"Close\">&times;<\/button><\/div>\n<\/form>\n<\/div>\n\n<\/div><\/div><\/div><\/div><\/div>\n","protected":false},"excerpt":{"rendered":"","protected":false},"author":5,"featured_media":0,"parent":0,"menu_order":0,"comment_status":"closed","ping_status":"closed","template":"100-width.php","meta":[],"yoast_head":"<!-- This site is optimized with the Yoast SEO plugin v20.8 - https:\/\/yoast.com\/wordpress\/plugins\/seo\/ -->\n<title>Nous contacter - Insulation Fasteners<\/title>\n<meta name=\"description\" content=\"NOUS CONTACTERParlez-nous de vos projets ou de vos suggestions. Notre service \u00e0 la client\u00e8le vous r\u00e9pondra dans le plus bref d\u00e9lai.\" \/>\n<meta name=\"robots\" content=\"index, follow, max-snippet:-1, max-image-preview:large, max-video-preview:-1\" \/>\n<link rel=\"canonical\" href=\"https:\/\/insulationfasteners.ca\/fr\/contact\/\" \/>\n<meta property=\"og:locale\" content=\"fr_CA\" \/>\n<meta property=\"og:type\" content=\"article\" \/>\n<meta property=\"og:title\" content=\"Nous contacter - Insulation Fasteners\" \/>\n<meta property=\"og:description\" content=\"NOUS CONTACTERParlez-nous de vos projets ou de vos suggestions. Notre service \u00e0 la client\u00e8le vous r\u00e9pondra dans le plus bref d\u00e9lai.\" \/>\n<meta property=\"og:url\" content=\"https:\/\/insulationfasteners.ca\/fr\/contact\/\" \/>\n<meta property=\"og:site_name\" content=\"Insulation Fasteners\" \/>\n<meta property=\"article:modified_time\" content=\"2020-05-22T15:57:42+00:00\" \/>\n<meta name=\"twitter:card\" content=\"summary_large_image\" \/>\n<meta name=\"twitter:label1\" content=\"Estimation du temps de lecture\" \/>\n\t<meta name=\"twitter:data1\" content=\"3 minutes\" \/>\n<script type=\"application\/ld+json\" class=\"yoast-schema-graph\">{\"@context\":\"https:\/\/schema.org\",\"@graph\":[{\"@type\":\"WebPage\",\"@id\":\"https:\/\/insulationfasteners.ca\/fr\/contact\/\",\"url\":\"https:\/\/insulationfasteners.ca\/fr\/contact\/\",\"name\":\"Nous contacter - Insulation Fasteners\",\"isPartOf\":{\"@id\":\"https:\/\/insulationfasteners.ca\/fr\/#website\"},\"datePublished\":\"2020-04-03T15:45:03+00:00\",\"dateModified\":\"2020-05-22T15:57:42+00:00\",\"description\":\"NOUS CONTACTERParlez-nous de vos projets ou de vos suggestions. Notre service \u00e0 la client\u00e8le vous r\u00e9pondra dans le plus bref d\u00e9lai.\",\"breadcrumb\":{\"@id\":\"https:\/\/insulationfasteners.ca\/fr\/contact\/#breadcrumb\"},\"inLanguage\":\"fr-CA\",\"potentialAction\":[{\"@type\":\"ReadAction\",\"target\":[\"https:\/\/insulationfasteners.ca\/fr\/contact\/\"]}]},{\"@type\":\"BreadcrumbList\",\"@id\":\"https:\/\/insulationfasteners.ca\/fr\/contact\/#breadcrumb\",\"itemListElement\":[{\"@type\":\"ListItem\",\"position\":1,\"name\":\"Home\",\"item\":\"https:\/\/insulationfasteners.ca\/fr\/\"},{\"@type\":\"ListItem\",\"position\":2,\"name\":\"Nous contacter\"}]},{\"@type\":\"WebSite\",\"@id\":\"https:\/\/insulationfasteners.ca\/fr\/#website\",\"url\":\"https:\/\/insulationfasteners.ca\/fr\/\",\"name\":\"Insulation Fasteners\",\"description\":\"\",\"potentialAction\":[{\"@type\":\"SearchAction\",\"target\":{\"@type\":\"EntryPoint\",\"urlTemplate\":\"https:\/\/insulationfasteners.ca\/fr\/?s={search_term_string}\"},\"query-input\":\"required name=search_term_string\"}],\"inLanguage\":\"fr-CA\"}]}<\/script>\n<!-- \/ Yoast SEO plugin. -->","yoast_head_json":{"title":"Nous contacter - Insulation Fasteners","description":"NOUS CONTACTERParlez-nous de vos projets ou de vos suggestions. Notre service \u00e0 la client\u00e8le vous r\u00e9pondra dans le plus bref d\u00e9lai.","robots":{"index":"index","follow":"follow","max-snippet":"max-snippet:-1","max-image-preview":"max-image-preview:large","max-video-preview":"max-video-preview:-1"},"canonical":"https:\/\/insulationfasteners.ca\/fr\/contact\/","og_locale":"fr_CA","og_type":"article","og_title":"Nous contacter - Insulation Fasteners","og_description":"NOUS CONTACTERParlez-nous de vos projets ou de vos suggestions. Notre service \u00e0 la client\u00e8le vous r\u00e9pondra dans le plus bref d\u00e9lai.","og_url":"https:\/\/insulationfasteners.ca\/fr\/contact\/","og_site_name":"Insulation Fasteners","article_modified_time":"2020-05-22T15:57:42+00:00","twitter_card":"summary_large_image","twitter_misc":{"Estimation du temps de lecture":"3 minutes"},"schema":{"@context":"https:\/\/schema.org","@graph":[{"@type":"WebPage","@id":"https:\/\/insulationfasteners.ca\/fr\/contact\/","url":"https:\/\/insulationfasteners.ca\/fr\/contact\/","name":"Nous contacter - Insulation Fasteners","isPartOf":{"@id":"https:\/\/insulationfasteners.ca\/fr\/#website"},"datePublished":"2020-04-03T15:45:03+00:00","dateModified":"2020-05-22T15:57:42+00:00","description":"NOUS CONTACTERParlez-nous de vos projets ou de vos suggestions. Notre service \u00e0 la client\u00e8le vous r\u00e9pondra dans le plus bref d\u00e9lai.","breadcrumb":{"@id":"https:\/\/insulationfasteners.ca\/fr\/contact\/#breadcrumb"},"inLanguage":"fr-CA","potentialAction":[{"@type":"ReadAction","target":["https:\/\/insulationfasteners.ca\/fr\/contact\/"]}]},{"@type":"BreadcrumbList","@id":"https:\/\/insulationfasteners.ca\/fr\/contact\/#breadcrumb","itemListElement":[{"@type":"ListItem","position":1,"name":"Home","item":"https:\/\/insulationfasteners.ca\/fr\/"},{"@type":"ListItem","position":2,"name":"Nous contacter"}]},{"@type":"WebSite","@id":"https:\/\/insulationfasteners.ca\/fr\/#website","url":"https:\/\/insulationfasteners.ca\/fr\/","name":"Insulation Fasteners","description":"","potentialAction":[{"@type":"SearchAction","target":{"@type":"EntryPoint","urlTemplate":"https:\/\/insulationfasteners.ca\/fr\/?s={search_term_string}"},"query-input":"required name=search_term_string"}],"inLanguage":"fr-CA"}]}},"_links":{"self":[{"href":"https:\/\/insulationfasteners.ca\/fr\/wp-json\/wp\/v2\/pages\/20581"}],"collection":[{"href":"https:\/\/insulationfasteners.ca\/fr\/wp-json\/wp\/v2\/pages"}],"about":[{"href":"https:\/\/insulationfasteners.ca\/fr\/wp-json\/wp\/v2\/types\/page"}],"author":[{"embeddable":true,"href":"https:\/\/insulationfasteners.ca\/fr\/wp-json\/wp\/v2\/users\/5"}],"replies":[{"embeddable":true,"href":"https:\/\/insulationfasteners.ca\/fr\/wp-json\/wp\/v2\/comments?post=20581"}],"version-history":[{"count":7,"href":"https:\/\/insulationfasteners.ca\/fr\/wp-json\/wp\/v2\/pages\/20581\/revisions"}],"predecessor-version":[{"id":20723,"href":"https:\/\/insulationfasteners.ca\/fr\/wp-json\/wp\/v2\/pages\/20581\/revisions\/20723"}],"wp:attachment":[{"href":"https:\/\/insulationfasteners.ca\/fr\/wp-json\/wp\/v2\/media?parent=20581"}],"curies":[{"name":"wp","href":"https:\/\/api.w.org\/{rel}","templated":true}]}}