{"id":20226,"date":"2020-02-19T16:19:27","date_gmt":"2020-02-19T22:04:57","guid":{"rendered":"https:\/\/insulationfasteners.ca\/?post_type=product&#038;p=20226"},"modified":"2020-04-23T09:31:04","modified_gmt":"2020-04-23T13:31:04","slug":"clou-2-tete-de-plastique-pcn-200","status":"publish","type":"product","link":"https:\/\/insulationfasteners.ca\/fr\/shop\/clou-2-tete-de-plastique-pcn-200\/","title":{"rendered":"Clous vrill\u00e9s 2\u2033 avec rondelle de plastique PCN-200"},"content":{"rendered":"<div class=\"fusion-fullwidth fullwidth-box fusion-builder-row-1 fusion-flex-container nonhundred-percent-fullwidth non-hundred-percent-height-scrolling\" style=\"--awb-border-radius-top-left:0px;--awb-border-radius-top-right:0px;--awb-border-radius-bottom-right:0px;--awb-border-radius-bottom-left:0px;\" ><div class=\"fusion-builder-row fusion-row fusion-flex-align-items-flex-start\" style=\"max-width:1216.8px;margin-left: calc(-4% \/ 2 );margin-right: calc(-4% \/ 2 );\"><div class=\"fusion-layout-column fusion_builder_column fusion-builder-column-0 fusion_builder_column_1_2 1_2 fusion-flex-column\" style=\"--awb-bg-size:cover;--awb-width-large:50%;--awb-margin-top-large:0px;--awb-spacing-right-large:3.84%;--awb-margin-bottom-large:20px;--awb-spacing-left-large:3.84%;--awb-width-medium:50%;--awb-spacing-right-medium:3.84%;--awb-spacing-left-medium:3.84%;--awb-width-small:100%;--awb-spacing-right-small:1.92%;--awb-spacing-left-small:1.92%;\"><div class=\"fusion-column-wrapper fusion-flex-justify-content-flex-start fusion-content-layout-column\"><div class=\"fusion-text fusion-text-1\"><p>Les clous \u00e0 t\u00eate de plastique ronde PCN ont \u00e9t\u00e9 con\u00e7ues afin de fixer fermement tout type de mat\u00e9riaux gr\u00e2ce \u00e0 sa t\u00eate de 1 pouce (25 mm) de diam\u00e8tre.<\/p>\n<p>Leurs tiges vrill\u00e9es offrent une excellente puissance de r\u00e9tention et sont rev\u00eatues d\u2019une protection zincage jaune contre la corrosion.<\/p>\n<p>La solution la plus \u00e9conomique pour l\u2019installation de rev\u00eatements tels que, panneau d\u2019isolation rigide, membrane pare-air et sous-couche rigide ou semi-rigide.<\/p>\n<\/div><\/div><\/div><div class=\"fusion-layout-column fusion_builder_column fusion-builder-column-1 fusion_builder_column_1_2 1_2 fusion-flex-column\" style=\"--awb-bg-size:cover;--awb-width-large:50%;--awb-margin-top-large:0px;--awb-spacing-right-large:3.84%;--awb-margin-bottom-large:20px;--awb-spacing-left-large:3.84%;--awb-width-medium:50%;--awb-spacing-right-medium:3.84%;--awb-spacing-left-medium:3.84%;--awb-width-small:100%;--awb-spacing-right-small:1.92%;--awb-spacing-left-small:1.92%;\"><div class=\"fusion-column-wrapper fusion-flex-justify-content-flex-start fusion-content-layout-column\"><div class=\"fusion-text fusion-text-2\"><p>Propri\u00e9t\u00e9s :<\/p>\n<ul>\n<li>Clou vrill\u00e9 avec rondelle de plastique 1\u2033 assembl\u00e9e<\/li>\n<li>Protection zincage jaune contre la corrosion<\/li>\n<li>Fixe les panneaux d\u2019isolation rigide et tout type de mat\u00e9riaux<\/li>\n<li>Facile et rapide \u00e0 installer<\/li>\n<\/ul>\n<\/div><\/div><\/div><\/div><\/div>\n","protected":false},"excerpt":{"rendered":"<p><strong>Clou 2\u2033 (127 mm) + 1\u2033 Rondelle (25 mm)<\/strong><\/p>\n<p><strong>Quantit\u00e9 par Bo\u00eete :\u00a02000<\/strong><\/p>\n","protected":false},"featured_media":20407,"template":"","meta":[],"product_cat":[162],"product_tag":[],"yoast_head":"<!-- This site is optimized with the Yoast SEO plugin v20.8 - https:\/\/yoast.com\/wordpress\/plugins\/seo\/ -->\n<title>Clous vrill\u00e9s 2\u2033 avec rondelle de plastique PCN-200 - Insulation Fasteners<\/title>\n<meta name=\"description\" content=\"Les clous \u00e0 t\u00eate de plastique ronde PCN ont \u00e9t\u00e9 con\u00e7ues afin de fixer fermement tout type de mat\u00e9riaux. Leurs tiges vrill\u00e9es offrent une excellente puissance de r\u00e9tention et sont rev\u00eatues d\u2019une protection zincage jaune contre la corrosion.La solution la plus \u00e9conomique pour l\u2019installation de rev\u00eatements tels que, panneau d\u2019isolation rigide, membrane pare-air et sous-couche rigide ou semi-rigide.\" \/>\n<meta name=\"robots\" content=\"index, follow, max-snippet:-1, max-image-preview:large, max-video-preview:-1\" \/>\n<link rel=\"canonical\" href=\"https:\/\/insulationfasteners.ca\/fr\/shop\/clou-2-tete-de-plastique-pcn-200\/\" \/>\n<meta property=\"og:locale\" content=\"fr_CA\" \/>\n<meta property=\"og:type\" content=\"article\" \/>\n<meta property=\"og:title\" content=\"Clous vrill\u00e9s 2\u2033 avec rondelle de plastique PCN-200 - Insulation Fasteners\" \/>\n<meta property=\"og:description\" content=\"Les clous \u00e0 t\u00eate de plastique ronde PCN ont \u00e9t\u00e9 con\u00e7ues afin de fixer fermement tout type de mat\u00e9riaux. Leurs tiges vrill\u00e9es offrent une excellente puissance de r\u00e9tention et sont rev\u00eatues d\u2019une protection zincage jaune contre la corrosion.La solution la plus \u00e9conomique pour l\u2019installation de rev\u00eatements tels que, panneau d\u2019isolation rigide, membrane pare-air et sous-couche rigide ou semi-rigide.\" \/>\n<meta property=\"og:url\" content=\"https:\/\/insulationfasteners.ca\/fr\/shop\/clou-2-tete-de-plastique-pcn-200\/\" \/>\n<meta property=\"og:site_name\" content=\"Insulation Fasteners\" \/>\n<meta property=\"article:modified_time\" content=\"2020-04-23T13:31:04+00:00\" \/>\n<meta property=\"og:image\" content=\"https:\/\/insulationfasteners.ca\/wp-content\/uploads\/2020\/02\/pcn-200-1.jpg\" \/>\n\t<meta property=\"og:image:width\" content=\"1200\" \/>\n\t<meta property=\"og:image:height\" content=\"900\" \/>\n\t<meta property=\"og:image:type\" content=\"image\/jpeg\" \/>\n<meta name=\"twitter:card\" content=\"summary_large_image\" \/>\n<meta name=\"twitter:label1\" content=\"Estimation du temps de lecture\" \/>\n\t<meta name=\"twitter:data1\" content=\"2 minutes\" \/>\n<script type=\"application\/ld+json\" class=\"yoast-schema-graph\">{\"@context\":\"https:\/\/schema.org\",\"@graph\":[{\"@type\":\"WebPage\",\"@id\":\"https:\/\/insulationfasteners.ca\/fr\/shop\/clou-2-tete-de-plastique-pcn-200\/\",\"url\":\"https:\/\/insulationfasteners.ca\/fr\/shop\/clou-2-tete-de-plastique-pcn-200\/\",\"name\":\"Clous vrill\u00e9s 2\u2033 avec rondelle de plastique PCN-200 - Insulation Fasteners\",\"isPartOf\":{\"@id\":\"https:\/\/insulationfasteners.ca\/fr\/#website\"},\"datePublished\":\"2020-02-19T22:04:57+00:00\",\"dateModified\":\"2020-04-23T13:31:04+00:00\",\"description\":\"Les clous \u00e0 t\u00eate de plastique ronde PCN ont \u00e9t\u00e9 con\u00e7ues afin de fixer fermement tout type de mat\u00e9riaux. Leurs tiges vrill\u00e9es offrent une excellente puissance de r\u00e9tention et sont rev\u00eatues d\u2019une protection zincage jaune contre la corrosion.La solution la plus \u00e9conomique pour l\u2019installation de rev\u00eatements tels que, panneau d\u2019isolation rigide, membrane pare-air et sous-couche rigide ou semi-rigide.\",\"breadcrumb\":{\"@id\":\"https:\/\/insulationfasteners.ca\/fr\/shop\/clou-2-tete-de-plastique-pcn-200\/#breadcrumb\"},\"inLanguage\":\"fr-CA\",\"potentialAction\":[{\"@type\":\"ReadAction\",\"target\":[\"https:\/\/insulationfasteners.ca\/fr\/shop\/clou-2-tete-de-plastique-pcn-200\/\"]}]},{\"@type\":\"BreadcrumbList\",\"@id\":\"https:\/\/insulationfasteners.ca\/fr\/shop\/clou-2-tete-de-plastique-pcn-200\/#breadcrumb\",\"itemListElement\":[{\"@type\":\"ListItem\",\"position\":1,\"name\":\"Home\",\"item\":\"https:\/\/insulationfasteners.ca\/fr\/\"},{\"@type\":\"ListItem\",\"position\":2,\"name\":\"boutique\",\"item\":\"https:\/\/insulationfasteners.ca\/fr\/boutique\/\"},{\"@type\":\"ListItem\",\"position\":3,\"name\":\"Clous vrill\u00e9s 2\u2033 avec rondelle de plastique PCN-200\"}]},{\"@type\":\"WebSite\",\"@id\":\"https:\/\/insulationfasteners.ca\/fr\/#website\",\"url\":\"https:\/\/insulationfasteners.ca\/fr\/\",\"name\":\"Insulation Fasteners\",\"description\":\"\",\"potentialAction\":[{\"@type\":\"SearchAction\",\"target\":{\"@type\":\"EntryPoint\",\"urlTemplate\":\"https:\/\/insulationfasteners.ca\/fr\/?s={search_term_string}\"},\"query-input\":\"required name=search_term_string\"}],\"inLanguage\":\"fr-CA\"}]}<\/script>\n<!-- \/ Yoast SEO plugin. -->","yoast_head_json":{"title":"Clous vrill\u00e9s 2\u2033 avec rondelle de plastique PCN-200 - Insulation Fasteners","description":"Les clous \u00e0 t\u00eate de plastique ronde PCN ont \u00e9t\u00e9 con\u00e7ues afin de fixer fermement tout type de mat\u00e9riaux. Leurs tiges vrill\u00e9es offrent une excellente puissance de r\u00e9tention et sont rev\u00eatues d\u2019une protection zincage jaune contre la corrosion.La solution la plus \u00e9conomique pour l\u2019installation de rev\u00eatements tels que, panneau d\u2019isolation rigide, membrane pare-air et sous-couche rigide ou semi-rigide.","robots":{"index":"index","follow":"follow","max-snippet":"max-snippet:-1","max-image-preview":"max-image-preview:large","max-video-preview":"max-video-preview:-1"},"canonical":"https:\/\/insulationfasteners.ca\/fr\/shop\/clou-2-tete-de-plastique-pcn-200\/","og_locale":"fr_CA","og_type":"article","og_title":"Clous vrill\u00e9s 2\u2033 avec rondelle de plastique PCN-200 - Insulation Fasteners","og_description":"Les clous \u00e0 t\u00eate de plastique ronde PCN ont \u00e9t\u00e9 con\u00e7ues afin de fixer fermement tout type de mat\u00e9riaux. Leurs tiges vrill\u00e9es offrent une excellente puissance de r\u00e9tention et sont rev\u00eatues d\u2019une protection zincage jaune contre la corrosion.La solution la plus \u00e9conomique pour l\u2019installation de rev\u00eatements tels que, panneau d\u2019isolation rigide, membrane pare-air et sous-couche rigide ou semi-rigide.","og_url":"https:\/\/insulationfasteners.ca\/fr\/shop\/clou-2-tete-de-plastique-pcn-200\/","og_site_name":"Insulation Fasteners","article_modified_time":"2020-04-23T13:31:04+00:00","og_image":[{"width":1200,"height":900,"url":"https:\/\/insulationfasteners.ca\/wp-content\/uploads\/2020\/02\/pcn-200-1.jpg","type":"image\/jpeg"}],"twitter_card":"summary_large_image","twitter_misc":{"Estimation du temps de lecture":"2 minutes"},"schema":{"@context":"https:\/\/schema.org","@graph":[{"@type":"WebPage","@id":"https:\/\/insulationfasteners.ca\/fr\/shop\/clou-2-tete-de-plastique-pcn-200\/","url":"https:\/\/insulationfasteners.ca\/fr\/shop\/clou-2-tete-de-plastique-pcn-200\/","name":"Clous vrill\u00e9s 2\u2033 avec rondelle de plastique PCN-200 - Insulation Fasteners","isPartOf":{"@id":"https:\/\/insulationfasteners.ca\/fr\/#website"},"datePublished":"2020-02-19T22:04:57+00:00","dateModified":"2020-04-23T13:31:04+00:00","description":"Les clous \u00e0 t\u00eate de plastique ronde PCN ont \u00e9t\u00e9 con\u00e7ues afin de fixer fermement tout type de mat\u00e9riaux. Leurs tiges vrill\u00e9es offrent une excellente puissance de r\u00e9tention et sont rev\u00eatues d\u2019une protection zincage jaune contre la corrosion.La solution la plus \u00e9conomique pour l\u2019installation de rev\u00eatements tels que, panneau d\u2019isolation rigide, membrane pare-air et sous-couche rigide ou semi-rigide.","breadcrumb":{"@id":"https:\/\/insulationfasteners.ca\/fr\/shop\/clou-2-tete-de-plastique-pcn-200\/#breadcrumb"},"inLanguage":"fr-CA","potentialAction":[{"@type":"ReadAction","target":["https:\/\/insulationfasteners.ca\/fr\/shop\/clou-2-tete-de-plastique-pcn-200\/"]}]},{"@type":"BreadcrumbList","@id":"https:\/\/insulationfasteners.ca\/fr\/shop\/clou-2-tete-de-plastique-pcn-200\/#breadcrumb","itemListElement":[{"@type":"ListItem","position":1,"name":"Home","item":"https:\/\/insulationfasteners.ca\/fr\/"},{"@type":"ListItem","position":2,"name":"boutique","item":"https:\/\/insulationfasteners.ca\/fr\/boutique\/"},{"@type":"ListItem","position":3,"name":"Clous vrill\u00e9s 2\u2033 avec rondelle de plastique PCN-200"}]},{"@type":"WebSite","@id":"https:\/\/insulationfasteners.ca\/fr\/#website","url":"https:\/\/insulationfasteners.ca\/fr\/","name":"Insulation Fasteners","description":"","potentialAction":[{"@type":"SearchAction","target":{"@type":"EntryPoint","urlTemplate":"https:\/\/insulationfasteners.ca\/fr\/?s={search_term_string}"},"query-input":"required name=search_term_string"}],"inLanguage":"fr-CA"}]}},"_links":{"self":[{"href":"https:\/\/insulationfasteners.ca\/fr\/wp-json\/wp\/v2\/product\/20226"}],"collection":[{"href":"https:\/\/insulationfasteners.ca\/fr\/wp-json\/wp\/v2\/product"}],"about":[{"href":"https:\/\/insulationfasteners.ca\/fr\/wp-json\/wp\/v2\/types\/product"}],"wp:featuredmedia":[{"embeddable":true,"href":"https:\/\/insulationfasteners.ca\/fr\/wp-json\/wp\/v2\/media\/20407"}],"wp:attachment":[{"href":"https:\/\/insulationfasteners.ca\/fr\/wp-json\/wp\/v2\/media?parent=20226"}],"wp:term":[{"taxonomy":"product_cat","embeddable":true,"href":"https:\/\/insulationfasteners.ca\/fr\/wp-json\/wp\/v2\/product_cat?post=20226"},{"taxonomy":"product_tag","embeddable":true,"href":"https:\/\/insulationfasteners.ca\/fr\/wp-json\/wp\/v2\/product_tag?post=20226"}],"curies":[{"name":"wp","href":"https:\/\/api.w.org\/{rel}","templated":true}]}}